{"id":3830,"date":"2022-10-29T18:31:33","date_gmt":"2022-10-29T16:31:33","guid":{"rendered":"https:\/\/arresproduction.com\/index.php\/produit\/album\/"},"modified":"2023-01-29T15:37:52","modified_gmt":"2023-01-29T14:37:52","slug":"lut","status":"publish","type":"product","link":"https:\/\/arresproduction.com\/index.php\/produit\/lut\/","title":{"rendered":"CINEMATIC LUTS"},"content":{"rendered":"<p>Arres Production vous propose les meilleures LUT cin\u00e9matographiques pour les cin\u00e9astes, les artistes 3D et les cr\u00e9ateurs de contenu.<\/p>\n","protected":false},"excerpt":{"rendered":"<p>Arres Production vous propose les meilleures LUT disponibles sur le march\u00e9.<\/p>\n","protected":false},"featured_media":3938,"comment_status":"open","ping_status":"closed","template":"","meta":{"_acf_changed":false},"product_brand":[],"product_cat":[60],"product_tag":[61],"class_list":{"0":"post-3830","1":"product","2":"type-product","3":"status-publish","4":"has-post-thumbnail","6":"product_cat-lut","7":"product_tag-lut","9":"first","10":"instock","11":"downloadable","12":"virtual","13":"purchasable","14":"product-type-simple"},"acf":[],"yoast_head":"<!-- This site is optimized with the Yoast SEO plugin v27.1.1 - https:\/\/yoast.com\/product\/yoast-seo-wordpress\/ -->\n<title>CINEMATIC LUTS - Arres Production<\/title>\n<meta name=\"robots\" content=\"index, follow, max-snippet:-1, max-image-preview:large, max-video-preview:-1\" \/>\n<link rel=\"canonical\" href=\"https:\/\/arresproduction.com\/index.php\/produit\/lut\/\" \/>\n<meta property=\"og:locale\" content=\"fr_FR\" \/>\n<meta property=\"og:type\" content=\"article\" \/>\n<meta property=\"og:title\" content=\"CINEMATIC LUTS - Arres Production\" \/>\n<meta property=\"og:description\" content=\"Arres Production vous propose les meilleures LUT disponibles sur le march\u00e9.\" \/>\n<meta property=\"og:url\" content=\"https:\/\/arresproduction.com\/index.php\/produit\/lut\/\" \/>\n<meta property=\"og:site_name\" content=\"Arres Production\" \/>\n<meta property=\"article:publisher\" content=\"https:\/\/www.facebook.com\/Arresproduction\" \/>\n<meta property=\"article:modified_time\" content=\"2023-01-29T14:37:52+00:00\" \/>\n<meta property=\"og:image\" content=\"https:\/\/arresproduction.com\/wp-content\/uploads\/2022\/10\/Cinematic-LUT-1000.png\" \/>\n\t<meta property=\"og:image:width\" content=\"1000\" \/>\n\t<meta property=\"og:image:height\" content=\"1000\" \/>\n\t<meta property=\"og:image:type\" content=\"image\/png\" \/>\n<meta name=\"twitter:card\" content=\"summary_large_image\" \/>\n<meta name=\"twitter:label1\" content=\"Dur\u00e9e de lecture estim\u00e9e\" \/>\n\t<meta name=\"twitter:data1\" content=\"1 minute\" \/>\n<script type=\"application\/ld+json\" class=\"yoast-schema-graph\">{\"@context\":\"https:\/\/schema.org\",\"@graph\":[{\"@type\":\"WebPage\",\"@id\":\"https:\/\/arresproduction.com\/index.php\/produit\/lut\/\",\"url\":\"https:\/\/arresproduction.com\/index.php\/produit\/lut\/\",\"name\":\"CINEMATIC LUTS - Arres Production\",\"isPartOf\":{\"@id\":\"https:\/\/arresproduction.com\/#website\"},\"primaryImageOfPage\":{\"@id\":\"https:\/\/arresproduction.com\/index.php\/produit\/lut\/#primaryimage\"},\"image\":{\"@id\":\"https:\/\/arresproduction.com\/index.php\/produit\/lut\/#primaryimage\"},\"thumbnailUrl\":\"https:\/\/arresproduction.com\/wp-content\/uploads\/2022\/10\/Cinematic-LUT-1000.png\",\"datePublished\":\"2022-10-29T16:31:33+00:00\",\"dateModified\":\"2023-01-29T14:37:52+00:00\",\"breadcrumb\":{\"@id\":\"https:\/\/arresproduction.com\/index.php\/produit\/lut\/#breadcrumb\"},\"inLanguage\":\"fr-FR\",\"potentialAction\":[{\"@type\":\"ReadAction\",\"target\":[\"https:\/\/arresproduction.com\/index.php\/produit\/lut\/\"]}]},{\"@type\":\"ImageObject\",\"inLanguage\":\"fr-FR\",\"@id\":\"https:\/\/arresproduction.com\/index.php\/produit\/lut\/#primaryimage\",\"url\":\"https:\/\/arresproduction.com\/wp-content\/uploads\/2022\/10\/Cinematic-LUT-1000.png\",\"contentUrl\":\"https:\/\/arresproduction.com\/wp-content\/uploads\/2022\/10\/Cinematic-LUT-1000.png\",\"width\":1000,\"height\":1000},{\"@type\":\"BreadcrumbList\",\"@id\":\"https:\/\/arresproduction.com\/index.php\/produit\/lut\/#breadcrumb\",\"itemListElement\":[{\"@type\":\"ListItem\",\"position\":1,\"name\":\"Accueil\",\"item\":\"https:\/\/arresproduction.com\/\"},{\"@type\":\"ListItem\",\"position\":2,\"name\":\"Produits\",\"item\":\"https:\/\/arresproduction.com\/index.php\/shop\/\"},{\"@type\":\"ListItem\",\"position\":3,\"name\":\"CINEMATIC LUTS\"}]},{\"@type\":\"WebSite\",\"@id\":\"https:\/\/arresproduction.com\/#website\",\"url\":\"https:\/\/arresproduction.com\/\",\"name\":\"Arres Production\",\"description\":\"La soci\u00e9t\u00e9 Arres Production \u00e0 votre service\",\"potentialAction\":[{\"@type\":\"SearchAction\",\"target\":{\"@type\":\"EntryPoint\",\"urlTemplate\":\"https:\/\/arresproduction.com\/?s={search_term_string}\"},\"query-input\":{\"@type\":\"PropertyValueSpecification\",\"valueRequired\":true,\"valueName\":\"search_term_string\"}}],\"inLanguage\":\"fr-FR\"}]}<\/script>\n<!-- \/ Yoast SEO plugin. -->","yoast_head_json":{"title":"CINEMATIC LUTS - Arres Production","robots":{"index":"index","follow":"follow","max-snippet":"max-snippet:-1","max-image-preview":"max-image-preview:large","max-video-preview":"max-video-preview:-1"},"canonical":"https:\/\/arresproduction.com\/index.php\/produit\/lut\/","og_locale":"fr_FR","og_type":"article","og_title":"CINEMATIC LUTS - Arres Production","og_description":"Arres Production vous propose les meilleures LUT disponibles sur le march\u00e9.","og_url":"https:\/\/arresproduction.com\/index.php\/produit\/lut\/","og_site_name":"Arres Production","article_publisher":"https:\/\/www.facebook.com\/Arresproduction","article_modified_time":"2023-01-29T14:37:52+00:00","og_image":[{"width":1000,"height":1000,"url":"https:\/\/arresproduction.com\/wp-content\/uploads\/2022\/10\/Cinematic-LUT-1000.png","type":"image\/png"}],"twitter_card":"summary_large_image","twitter_misc":{"Dur\u00e9e de lecture estim\u00e9e":"1 minute"},"schema":{"@context":"https:\/\/schema.org","@graph":[{"@type":"WebPage","@id":"https:\/\/arresproduction.com\/index.php\/produit\/lut\/","url":"https:\/\/arresproduction.com\/index.php\/produit\/lut\/","name":"CINEMATIC LUTS - Arres Production","isPartOf":{"@id":"https:\/\/arresproduction.com\/#website"},"primaryImageOfPage":{"@id":"https:\/\/arresproduction.com\/index.php\/produit\/lut\/#primaryimage"},"image":{"@id":"https:\/\/arresproduction.com\/index.php\/produit\/lut\/#primaryimage"},"thumbnailUrl":"https:\/\/arresproduction.com\/wp-content\/uploads\/2022\/10\/Cinematic-LUT-1000.png","datePublished":"2022-10-29T16:31:33+00:00","dateModified":"2023-01-29T14:37:52+00:00","breadcrumb":{"@id":"https:\/\/arresproduction.com\/index.php\/produit\/lut\/#breadcrumb"},"inLanguage":"fr-FR","potentialAction":[{"@type":"ReadAction","target":["https:\/\/arresproduction.com\/index.php\/produit\/lut\/"]}]},{"@type":"ImageObject","inLanguage":"fr-FR","@id":"https:\/\/arresproduction.com\/index.php\/produit\/lut\/#primaryimage","url":"https:\/\/arresproduction.com\/wp-content\/uploads\/2022\/10\/Cinematic-LUT-1000.png","contentUrl":"https:\/\/arresproduction.com\/wp-content\/uploads\/2022\/10\/Cinematic-LUT-1000.png","width":1000,"height":1000},{"@type":"BreadcrumbList","@id":"https:\/\/arresproduction.com\/index.php\/produit\/lut\/#breadcrumb","itemListElement":[{"@type":"ListItem","position":1,"name":"Accueil","item":"https:\/\/arresproduction.com\/"},{"@type":"ListItem","position":2,"name":"Produits","item":"https:\/\/arresproduction.com\/index.php\/shop\/"},{"@type":"ListItem","position":3,"name":"CINEMATIC LUTS"}]},{"@type":"WebSite","@id":"https:\/\/arresproduction.com\/#website","url":"https:\/\/arresproduction.com\/","name":"Arres Production","description":"La soci\u00e9t\u00e9 Arres Production \u00e0 votre service","potentialAction":[{"@type":"SearchAction","target":{"@type":"EntryPoint","urlTemplate":"https:\/\/arresproduction.com\/?s={search_term_string}"},"query-input":{"@type":"PropertyValueSpecification","valueRequired":true,"valueName":"search_term_string"}}],"inLanguage":"fr-FR"}]}},"_links":{"self":[{"href":"https:\/\/arresproduction.com\/index.php\/wp-json\/wp\/v2\/product\/3830","targetHints":{"allow":["GET"]}}],"collection":[{"href":"https:\/\/arresproduction.com\/index.php\/wp-json\/wp\/v2\/product"}],"about":[{"href":"https:\/\/arresproduction.com\/index.php\/wp-json\/wp\/v2\/types\/product"}],"replies":[{"embeddable":true,"href":"https:\/\/arresproduction.com\/index.php\/wp-json\/wp\/v2\/comments?post=3830"}],"wp:featuredmedia":[{"embeddable":true,"href":"https:\/\/arresproduction.com\/index.php\/wp-json\/wp\/v2\/media\/3938"}],"wp:attachment":[{"href":"https:\/\/arresproduction.com\/index.php\/wp-json\/wp\/v2\/media?parent=3830"}],"wp:term":[{"taxonomy":"product_brand","embeddable":true,"href":"https:\/\/arresproduction.com\/index.php\/wp-json\/wp\/v2\/product_brand?post=3830"},{"taxonomy":"product_cat","embeddable":true,"href":"https:\/\/arresproduction.com\/index.php\/wp-json\/wp\/v2\/product_cat?post=3830"},{"taxonomy":"product_tag","embeddable":true,"href":"https:\/\/arresproduction.com\/index.php\/wp-json\/wp\/v2\/product_tag?post=3830"}],"curies":[{"name":"wp","href":"https:\/\/api.w.org\/{rel}","templated":true}]}}