{"id":4442,"date":"2024-12-03T19:23:11","date_gmt":"2024-12-03T18:23:11","guid":{"rendered":"https:\/\/arresproduction.com\/?page_id=4442"},"modified":"2024-12-03T19:38:07","modified_gmt":"2024-12-03T18:38:07","slug":"seance-photos-personnalisable","status":"publish","type":"page","link":"https:\/\/arresproduction.com\/index.php\/seance-photos-personnalisable\/","title":{"rendered":"S\u00e9ance Photos personnalisable"},"content":{"rendered":"\t\t<div data-elementor-type=\"wp-page\" data-elementor-id=\"4442\" class=\"elementor elementor-4442\" data-elementor-post-type=\"page\">\n\t\t\t\t\t\t<section class=\"elementor-section elementor-top-section elementor-element elementor-element-d355827 elementor-section-boxed elementor-section-height-default elementor-section-height-default\" data-id=\"d355827\" data-element_type=\"section\" data-settings=\"{&quot;ekit_has_onepagescroll_dot&quot;:&quot;yes&quot;}\">\n\t\t\t\t\t\t<div class=\"elementor-container elementor-column-gap-default\">\n\t\t\t\t\t<div class=\"elementor-column elementor-col-100 elementor-top-column elementor-element elementor-element-255d5e4\" data-id=\"255d5e4\" data-element_type=\"column\">\n\t\t\t<div class=\"elementor-widget-wrap elementor-element-populated\">\n\t\t\t\t\t\t<div class=\"elementor-element elementor-element-8bb3cfe elementor-widget elementor-widget-gallery\" data-id=\"8bb3cfe\" data-element_type=\"widget\" data-settings=\"{&quot;gallery_layout&quot;:&quot;masonry&quot;,&quot;lazyload&quot;:&quot;yes&quot;,&quot;columns&quot;:4,&quot;columns_tablet&quot;:2,&quot;columns_mobile&quot;:1,&quot;gap&quot;:{&quot;unit&quot;:&quot;px&quot;,&quot;size&quot;:10,&quot;sizes&quot;:[]},&quot;gap_tablet&quot;:{&quot;unit&quot;:&quot;px&quot;,&quot;size&quot;:10,&quot;sizes&quot;:[]},&quot;gap_mobile&quot;:{&quot;unit&quot;:&quot;px&quot;,&quot;size&quot;:10,&quot;sizes&quot;:[]},&quot;link_to&quot;:&quot;file&quot;,&quot;overlay_background&quot;:&quot;yes&quot;,&quot;content_hover_animation&quot;:&quot;fade-in&quot;,&quot;ekit_we_effect_on&quot;:&quot;none&quot;}\" data-widget_type=\"gallery.default\">\n\t\t\t\t<div class=\"elementor-widget-container\">\n\t\t\t\t\t\t\t<div class=\"elementor-gallery__container\">\r\n\t\t\t\t\t\t\t<a class=\"e-gallery-item elementor-gallery-item elementor-animated-content\" href=\"https:\/\/arresproduction.com\/wp-content\/uploads\/2024\/12\/IMG_2977.png\" data-elementor-open-lightbox=\"yes\" data-elementor-lightbox-slideshow=\"8bb3cfe\" data-elementor-lightbox-title=\"IMG_2977\" data-e-action-hash=\"#elementor-action%3Aaction%3Dlightbox%26settings%3DeyJpZCI6NDQ0NywidXJsIjoiaHR0cHM6XC9cL2FycmVzcHJvZHVjdGlvbi5jb21cL3dwLWNvbnRlbnRcL3VwbG9hZHNcLzIwMjRcLzEyXC9JTUdfMjk3Ny5wbmciLCJzbGlkZXNob3ciOiI4YmIzY2ZlIn0%3D\">\r\n\t\t\t\t\t<div class=\"e-gallery-image elementor-gallery-item__image\" data-thumbnail=\"https:\/\/arresproduction.com\/wp-content\/uploads\/2024\/12\/IMG_2977-200x300.png\" data-width=\"200\" data-height=\"300\" aria-label=\"\" role=\"img\" ><\/div>\r\n\t\t\t\t\t\t\t\t\t\t\t<div class=\"elementor-gallery-item__overlay\"><\/div>\r\n\t\t\t\t\t\t\t\t\t\t\t\t\t\t<\/a>\r\n\t\t\t\t\t\t\t<a class=\"e-gallery-item elementor-gallery-item elementor-animated-content\" href=\"https:\/\/arresproduction.com\/wp-content\/uploads\/2024\/07\/IMG_4155-Avec-accentuation-NR.jpeg\" data-elementor-open-lightbox=\"yes\" data-elementor-lightbox-slideshow=\"8bb3cfe\" data-elementor-lightbox-title=\"Alison &amp; Tournesol 2\" data-e-action-hash=\"#elementor-action%3Aaction%3Dlightbox%26settings%3DeyJpZCI6NDQyMSwidXJsIjoiaHR0cHM6XC9cL2FycmVzcHJvZHVjdGlvbi5jb21cL3dwLWNvbnRlbnRcL3VwbG9hZHNcLzIwMjRcLzA3XC9JTUdfNDE1NS1BdmVjLWFjY2VudHVhdGlvbi1OUi5qcGVnIiwic2xpZGVzaG93IjoiOGJiM2NmZSJ9\">\r\n\t\t\t\t\t<div class=\"e-gallery-image elementor-gallery-item__image\" data-thumbnail=\"https:\/\/arresproduction.com\/wp-content\/uploads\/2024\/07\/IMG_4155-Avec-accentuation-NR-300x168.jpeg\" data-width=\"300\" data-height=\"168\" aria-label=\"\" role=\"img\" ><\/div>\r\n\t\t\t\t\t\t\t\t\t\t\t<div class=\"elementor-gallery-item__overlay\"><\/div>\r\n\t\t\t\t\t\t\t\t\t\t\t\t\t\t<\/a>\r\n\t\t\t\t\t\t\t<a class=\"e-gallery-item elementor-gallery-item elementor-animated-content\" href=\"https:\/\/arresproduction.com\/wp-content\/uploads\/2024\/12\/IMG_3899.png\" data-elementor-open-lightbox=\"yes\" data-elementor-lightbox-slideshow=\"8bb3cfe\" data-elementor-lightbox-title=\"IMG_3899\" data-e-action-hash=\"#elementor-action%3Aaction%3Dlightbox%26settings%3DeyJpZCI6NDQ1MCwidXJsIjoiaHR0cHM6XC9cL2FycmVzcHJvZHVjdGlvbi5jb21cL3dwLWNvbnRlbnRcL3VwbG9hZHNcLzIwMjRcLzEyXC9JTUdfMzg5OS5wbmciLCJzbGlkZXNob3ciOiI4YmIzY2ZlIn0%3D\">\r\n\t\t\t\t\t<div class=\"e-gallery-image elementor-gallery-item__image\" data-thumbnail=\"https:\/\/arresproduction.com\/wp-content\/uploads\/2024\/12\/IMG_3899-248x300.png\" data-width=\"248\" data-height=\"300\" aria-label=\"\" role=\"img\" ><\/div>\r\n\t\t\t\t\t\t\t\t\t\t\t<div class=\"elementor-gallery-item__overlay\"><\/div>\r\n\t\t\t\t\t\t\t\t\t\t\t\t\t\t<\/a>\r\n\t\t\t\t\t\t\t<a class=\"e-gallery-item elementor-gallery-item elementor-animated-content\" href=\"https:\/\/arresproduction.com\/wp-content\/uploads\/2024\/12\/IMG_3914.png\" data-elementor-open-lightbox=\"yes\" data-elementor-lightbox-slideshow=\"8bb3cfe\" data-elementor-lightbox-title=\"IMG_3914\" data-e-action-hash=\"#elementor-action%3Aaction%3Dlightbox%26settings%3DeyJpZCI6NDQ0NSwidXJsIjoiaHR0cHM6XC9cL2FycmVzcHJvZHVjdGlvbi5jb21cL3dwLWNvbnRlbnRcL3VwbG9hZHNcLzIwMjRcLzEyXC9JTUdfMzkxNC5wbmciLCJzbGlkZXNob3ciOiI4YmIzY2ZlIn0%3D\">\r\n\t\t\t\t\t<div class=\"e-gallery-image elementor-gallery-item__image\" data-thumbnail=\"https:\/\/arresproduction.com\/wp-content\/uploads\/2024\/12\/IMG_3914-200x300.png\" data-width=\"200\" data-height=\"300\" aria-label=\"\" role=\"img\" ><\/div>\r\n\t\t\t\t\t\t\t\t\t\t\t<div class=\"elementor-gallery-item__overlay\"><\/div>\r\n\t\t\t\t\t\t\t\t\t\t\t\t\t\t<\/a>\r\n\t\t\t\t\t\t\t<a class=\"e-gallery-item elementor-gallery-item elementor-animated-content\" href=\"https:\/\/arresproduction.com\/wp-content\/uploads\/2024\/12\/IMG_3519.png\" data-elementor-open-lightbox=\"yes\" data-elementor-lightbox-slideshow=\"8bb3cfe\" data-elementor-lightbox-title=\"IMG_3519\" data-e-action-hash=\"#elementor-action%3Aaction%3Dlightbox%26settings%3DeyJpZCI6NDQ0OSwidXJsIjoiaHR0cHM6XC9cL2FycmVzcHJvZHVjdGlvbi5jb21cL3dwLWNvbnRlbnRcL3VwbG9hZHNcLzIwMjRcLzEyXC9JTUdfMzUxOS5wbmciLCJzbGlkZXNob3ciOiI4YmIzY2ZlIn0%3D\">\r\n\t\t\t\t\t<div class=\"e-gallery-image elementor-gallery-item__image\" data-thumbnail=\"https:\/\/arresproduction.com\/wp-content\/uploads\/2024\/12\/IMG_3519-212x300.png\" data-width=\"212\" data-height=\"300\" aria-label=\"\" role=\"img\" ><\/div>\r\n\t\t\t\t\t\t\t\t\t\t\t<div class=\"elementor-gallery-item__overlay\"><\/div>\r\n\t\t\t\t\t\t\t\t\t\t\t\t\t\t<\/a>\r\n\t\t\t\t\t\t\t<a class=\"e-gallery-item elementor-gallery-item elementor-animated-content\" href=\"https:\/\/arresproduction.com\/wp-content\/uploads\/2024\/12\/IMG_3998-e1733248782203.png\" data-elementor-open-lightbox=\"yes\" data-elementor-lightbox-slideshow=\"8bb3cfe\" data-elementor-lightbox-title=\"IMG_3998\" data-e-action-hash=\"#elementor-action%3Aaction%3Dlightbox%26settings%3DeyJpZCI6NDQ0NCwidXJsIjoiaHR0cHM6XC9cL2FycmVzcHJvZHVjdGlvbi5jb21cL3dwLWNvbnRlbnRcL3VwbG9hZHNcLzIwMjRcLzEyXC9JTUdfMzk5OC1lMTczMzI0ODc4MjIwMy5wbmciLCJzbGlkZXNob3ciOiI4YmIzY2ZlIn0%3D\">\r\n\t\t\t\t\t<div class=\"e-gallery-image elementor-gallery-item__image\" data-thumbnail=\"https:\/\/arresproduction.com\/wp-content\/uploads\/2024\/12\/IMG_3998-e1733248782203-221x300.png\" data-width=\"221\" data-height=\"300\" aria-label=\"\" role=\"img\" ><\/div>\r\n\t\t\t\t\t\t\t\t\t\t\t<div class=\"elementor-gallery-item__overlay\"><\/div>\r\n\t\t\t\t\t\t\t\t\t\t\t\t\t\t<\/a>\r\n\t\t\t\t\t\t\t<a class=\"e-gallery-item elementor-gallery-item elementor-animated-content\" href=\"https:\/\/arresproduction.com\/wp-content\/uploads\/2024\/12\/IMG_3486.png\" data-elementor-open-lightbox=\"yes\" data-elementor-lightbox-slideshow=\"8bb3cfe\" data-elementor-lightbox-title=\"IMG_3486\" data-e-action-hash=\"#elementor-action%3Aaction%3Dlightbox%26settings%3DeyJpZCI6NDQ0OCwidXJsIjoiaHR0cHM6XC9cL2FycmVzcHJvZHVjdGlvbi5jb21cL3dwLWNvbnRlbnRcL3VwbG9hZHNcLzIwMjRcLzEyXC9JTUdfMzQ4Ni5wbmciLCJzbGlkZXNob3ciOiI4YmIzY2ZlIn0%3D\">\r\n\t\t\t\t\t<div class=\"e-gallery-image elementor-gallery-item__image\" data-thumbnail=\"https:\/\/arresproduction.com\/wp-content\/uploads\/2024\/12\/IMG_3486-191x300.png\" data-width=\"191\" data-height=\"300\" aria-label=\"\" role=\"img\" ><\/div>\r\n\t\t\t\t\t\t\t\t\t\t\t<div class=\"elementor-gallery-item__overlay\"><\/div>\r\n\t\t\t\t\t\t\t\t\t\t\t\t\t\t<\/a>\r\n\t\t\t\t\t\t\t<a class=\"e-gallery-item elementor-gallery-item elementor-animated-content\" href=\"https:\/\/arresproduction.com\/wp-content\/uploads\/2024\/12\/IMG_3169.png\" data-elementor-open-lightbox=\"yes\" data-elementor-lightbox-slideshow=\"8bb3cfe\" data-elementor-lightbox-title=\"IMG_3169\" data-e-action-hash=\"#elementor-action%3Aaction%3Dlightbox%26settings%3DeyJpZCI6NDQ0NiwidXJsIjoiaHR0cHM6XC9cL2FycmVzcHJvZHVjdGlvbi5jb21cL3dwLWNvbnRlbnRcL3VwbG9hZHNcLzIwMjRcLzEyXC9JTUdfMzE2OS5wbmciLCJzbGlkZXNob3ciOiI4YmIzY2ZlIn0%3D\">\r\n\t\t\t\t\t<div class=\"e-gallery-image elementor-gallery-item__image\" data-thumbnail=\"https:\/\/arresproduction.com\/wp-content\/uploads\/2024\/12\/IMG_3169-300x260.png\" data-width=\"300\" data-height=\"260\" aria-label=\"\" role=\"img\" ><\/div>\r\n\t\t\t\t\t\t\t\t\t\t\t<div class=\"elementor-gallery-item__overlay\"><\/div>\r\n\t\t\t\t\t\t\t\t\t\t\t\t\t\t<\/a>\r\n\t\t\t\t\t\t\t<a class=\"e-gallery-item elementor-gallery-item elementor-animated-content\" href=\"https:\/\/arresproduction.com\/wp-content\/uploads\/2024\/07\/IMG_4082.jpg\" data-elementor-open-lightbox=\"yes\" data-elementor-lightbox-slideshow=\"8bb3cfe\" data-elementor-lightbox-title=\"Alison &amp; tournesol\" data-e-action-hash=\"#elementor-action%3Aaction%3Dlightbox%26settings%3DeyJpZCI6NDQxMywidXJsIjoiaHR0cHM6XC9cL2FycmVzcHJvZHVjdGlvbi5jb21cL3dwLWNvbnRlbnRcL3VwbG9hZHNcLzIwMjRcLzA3XC9JTUdfNDA4Mi5qcGciLCJzbGlkZXNob3ciOiI4YmIzY2ZlIn0%3D\">\r\n\t\t\t\t\t<div class=\"e-gallery-image elementor-gallery-item__image\" data-thumbnail=\"https:\/\/arresproduction.com\/wp-content\/uploads\/2024\/07\/IMG_4082-300x168.jpg\" data-width=\"300\" data-height=\"168\" aria-label=\"\" role=\"img\" ><\/div>\r\n\t\t\t\t\t\t\t\t\t\t\t<div class=\"elementor-gallery-item__overlay\"><\/div>\r\n\t\t\t\t\t\t\t\t\t\t\t\t\t\t<\/a>\r\n\t\t\t\t\t\t\t<a class=\"e-gallery-item elementor-gallery-item elementor-animated-content\" href=\"https:\/\/arresproduction.com\/wp-content\/uploads\/2024\/07\/IMG_4109.jpeg\" data-elementor-open-lightbox=\"yes\" data-elementor-lightbox-slideshow=\"8bb3cfe\" data-elementor-lightbox-title=\"Alison &amp; Tournesol 1\" data-e-action-hash=\"#elementor-action%3Aaction%3Dlightbox%26settings%3DeyJpZCI6NDQyNCwidXJsIjoiaHR0cHM6XC9cL2FycmVzcHJvZHVjdGlvbi5jb21cL3dwLWNvbnRlbnRcL3VwbG9hZHNcLzIwMjRcLzA3XC9JTUdfNDEwOS5qcGVnIiwic2xpZGVzaG93IjoiOGJiM2NmZSJ9\">\r\n\t\t\t\t\t<div class=\"e-gallery-image elementor-gallery-item__image\" data-thumbnail=\"https:\/\/arresproduction.com\/wp-content\/uploads\/2024\/07\/IMG_4109-300x168.jpeg\" data-width=\"300\" data-height=\"168\" aria-label=\"\" role=\"img\" ><\/div>\r\n\t\t\t\t\t\t\t\t\t\t\t<div class=\"elementor-gallery-item__overlay\"><\/div>\r\n\t\t\t\t\t\t\t\t\t\t\t\t\t\t<\/a>\r\n\t\t\t\t\t<\/div>\r\n\t\t\t\t\t<\/div>\n\t\t\t\t<\/div>\n\t\t\t\t\t<\/div>\n\t\t<\/div>\n\t\t\t\t\t<\/div>\n\t\t<\/section>\n\t\t\t\t<section class=\"elementor-section elementor-top-section elementor-element elementor-element-1c2ed32 elementor-section-boxed elementor-section-height-default elementor-section-height-default\" data-id=\"1c2ed32\" data-element_type=\"section\" data-settings=\"{&quot;ekit_has_onepagescroll_dot&quot;:&quot;yes&quot;}\">\n\t\t\t\t\t\t<div class=\"elementor-container elementor-column-gap-default\">\n\t\t\t\t\t<div class=\"elementor-column elementor-col-100 elementor-top-column elementor-element elementor-element-ee9389d\" data-id=\"ee9389d\" data-element_type=\"column\">\n\t\t\t<div class=\"elementor-widget-wrap elementor-element-populated\">\n\t\t\t\t\t\t\t<\/div>\n\t\t<\/div>\n\t\t\t\t\t<\/div>\n\t\t<\/section>\n\t\t\t\t<\/div>\n\t\t","protected":false},"excerpt":{"rendered":"<p>Tous Photographie LUT Objectif Sale Add to cart S\u00e9ance photo personnalis\u00e9 Photographie90,00&nbsp;&euro; Le prix initial \u00e9tait\u00a0: 90,00&nbsp;&euro;.60,00&nbsp;&euro;Le prix actuel est\u00a0: 60,00&nbsp;&euro;.<\/p>\n","protected":false},"author":1,"featured_media":0,"parent":0,"menu_order":0,"comment_status":"closed","ping_status":"closed","template":"","meta":{"_acf_changed":false,"footnotes":""},"class_list":["post-4442","page","type-page","status-publish","hentry"],"acf":[],"yoast_head":"<!-- This site is optimized with the Yoast SEO plugin v27.1.1 - https:\/\/yoast.com\/product\/yoast-seo-wordpress\/ -->\n<title>S\u00e9ance Photos personnalisable - Arres Production<\/title>\n<meta name=\"robots\" content=\"index, follow, max-snippet:-1, max-image-preview:large, max-video-preview:-1\" \/>\n<link rel=\"canonical\" href=\"https:\/\/arresproduction.com\/index.php\/seance-photos-personnalisable\/\" \/>\n<meta property=\"og:locale\" content=\"fr_FR\" \/>\n<meta property=\"og:type\" content=\"article\" \/>\n<meta property=\"og:title\" content=\"S\u00e9ance Photos personnalisable - Arres Production\" \/>\n<meta property=\"og:description\" content=\"Tous Photographie LUT Objectif Sale Add to cart S\u00e9ance photo personnalis\u00e9 Photographie90,00&nbsp;&euro; Le prix initial \u00e9tait\u00a0: 90,00&nbsp;&euro;.60,00&nbsp;&euro;Le prix actuel est\u00a0: 60,00&nbsp;&euro;.\" \/>\n<meta property=\"og:url\" content=\"https:\/\/arresproduction.com\/index.php\/seance-photos-personnalisable\/\" \/>\n<meta property=\"og:site_name\" content=\"Arres Production\" \/>\n<meta property=\"article:publisher\" content=\"https:\/\/www.facebook.com\/Arresproduction\" \/>\n<meta property=\"article:modified_time\" content=\"2024-12-03T18:38:07+00:00\" \/>\n<meta property=\"og:image\" content=\"https:\/\/arresproduction.com\/wp-content\/uploads\/2024\/07\/IMG_4155-Avec-accentuation-NR-1024x575.jpeg\" \/>\n<meta name=\"twitter:card\" content=\"summary_large_image\" \/>\n<meta name=\"twitter:label1\" content=\"Dur\u00e9e de lecture estim\u00e9e\" \/>\n\t<meta name=\"twitter:data1\" content=\"1 minute\" \/>\n<script type=\"application\/ld+json\" class=\"yoast-schema-graph\">{\"@context\":\"https:\/\/schema.org\",\"@graph\":[{\"@type\":\"WebPage\",\"@id\":\"https:\/\/arresproduction.com\/index.php\/seance-photos-personnalisable\/\",\"url\":\"https:\/\/arresproduction.com\/index.php\/seance-photos-personnalisable\/\",\"name\":\"S\u00e9ance Photos personnalisable - Arres Production\",\"isPartOf\":{\"@id\":\"https:\/\/arresproduction.com\/#website\"},\"primaryImageOfPage\":{\"@id\":\"https:\/\/arresproduction.com\/index.php\/seance-photos-personnalisable\/#primaryimage\"},\"image\":{\"@id\":\"https:\/\/arresproduction.com\/index.php\/seance-photos-personnalisable\/#primaryimage\"},\"thumbnailUrl\":\"https:\/\/arresproduction.com\/wp-content\/uploads\/2024\/07\/IMG_4155-Avec-accentuation-NR-1024x575.jpeg\",\"datePublished\":\"2024-12-03T18:23:11+00:00\",\"dateModified\":\"2024-12-03T18:38:07+00:00\",\"breadcrumb\":{\"@id\":\"https:\/\/arresproduction.com\/index.php\/seance-photos-personnalisable\/#breadcrumb\"},\"inLanguage\":\"fr-FR\",\"potentialAction\":[{\"@type\":\"ReadAction\",\"target\":[\"https:\/\/arresproduction.com\/index.php\/seance-photos-personnalisable\/\"]}]},{\"@type\":\"ImageObject\",\"inLanguage\":\"fr-FR\",\"@id\":\"https:\/\/arresproduction.com\/index.php\/seance-photos-personnalisable\/#primaryimage\",\"url\":\"https:\/\/arresproduction.com\/wp-content\/uploads\/2024\/07\/IMG_4155-Avec-accentuation-NR-1024x575.jpeg\",\"contentUrl\":\"https:\/\/arresproduction.com\/wp-content\/uploads\/2024\/07\/IMG_4155-Avec-accentuation-NR-1024x575.jpeg\"},{\"@type\":\"BreadcrumbList\",\"@id\":\"https:\/\/arresproduction.com\/index.php\/seance-photos-personnalisable\/#breadcrumb\",\"itemListElement\":[{\"@type\":\"ListItem\",\"position\":1,\"name\":\"Accueil\",\"item\":\"https:\/\/arresproduction.com\/\"},{\"@type\":\"ListItem\",\"position\":2,\"name\":\"S\u00e9ance Photos personnalisable\"}]},{\"@type\":\"WebSite\",\"@id\":\"https:\/\/arresproduction.com\/#website\",\"url\":\"https:\/\/arresproduction.com\/\",\"name\":\"Arres Production\",\"description\":\"La soci\u00e9t\u00e9 Arres Production \u00e0 votre service\",\"potentialAction\":[{\"@type\":\"SearchAction\",\"target\":{\"@type\":\"EntryPoint\",\"urlTemplate\":\"https:\/\/arresproduction.com\/?s={search_term_string}\"},\"query-input\":{\"@type\":\"PropertyValueSpecification\",\"valueRequired\":true,\"valueName\":\"search_term_string\"}}],\"inLanguage\":\"fr-FR\"}]}<\/script>\n<!-- \/ Yoast SEO plugin. -->","yoast_head_json":{"title":"S\u00e9ance Photos personnalisable - Arres Production","robots":{"index":"index","follow":"follow","max-snippet":"max-snippet:-1","max-image-preview":"max-image-preview:large","max-video-preview":"max-video-preview:-1"},"canonical":"https:\/\/arresproduction.com\/index.php\/seance-photos-personnalisable\/","og_locale":"fr_FR","og_type":"article","og_title":"S\u00e9ance Photos personnalisable - Arres Production","og_description":"Tous Photographie LUT Objectif Sale Add to cart S\u00e9ance photo personnalis\u00e9 Photographie90,00&nbsp;&euro; Le prix initial \u00e9tait\u00a0: 90,00&nbsp;&euro;.60,00&nbsp;&euro;Le prix actuel est\u00a0: 60,00&nbsp;&euro;.","og_url":"https:\/\/arresproduction.com\/index.php\/seance-photos-personnalisable\/","og_site_name":"Arres Production","article_publisher":"https:\/\/www.facebook.com\/Arresproduction","article_modified_time":"2024-12-03T18:38:07+00:00","og_image":[{"url":"https:\/\/arresproduction.com\/wp-content\/uploads\/2024\/07\/IMG_4155-Avec-accentuation-NR-1024x575.jpeg","type":"","width":"","height":""}],"twitter_card":"summary_large_image","twitter_misc":{"Dur\u00e9e de lecture estim\u00e9e":"1 minute"},"schema":{"@context":"https:\/\/schema.org","@graph":[{"@type":"WebPage","@id":"https:\/\/arresproduction.com\/index.php\/seance-photos-personnalisable\/","url":"https:\/\/arresproduction.com\/index.php\/seance-photos-personnalisable\/","name":"S\u00e9ance Photos personnalisable - Arres Production","isPartOf":{"@id":"https:\/\/arresproduction.com\/#website"},"primaryImageOfPage":{"@id":"https:\/\/arresproduction.com\/index.php\/seance-photos-personnalisable\/#primaryimage"},"image":{"@id":"https:\/\/arresproduction.com\/index.php\/seance-photos-personnalisable\/#primaryimage"},"thumbnailUrl":"https:\/\/arresproduction.com\/wp-content\/uploads\/2024\/07\/IMG_4155-Avec-accentuation-NR-1024x575.jpeg","datePublished":"2024-12-03T18:23:11+00:00","dateModified":"2024-12-03T18:38:07+00:00","breadcrumb":{"@id":"https:\/\/arresproduction.com\/index.php\/seance-photos-personnalisable\/#breadcrumb"},"inLanguage":"fr-FR","potentialAction":[{"@type":"ReadAction","target":["https:\/\/arresproduction.com\/index.php\/seance-photos-personnalisable\/"]}]},{"@type":"ImageObject","inLanguage":"fr-FR","@id":"https:\/\/arresproduction.com\/index.php\/seance-photos-personnalisable\/#primaryimage","url":"https:\/\/arresproduction.com\/wp-content\/uploads\/2024\/07\/IMG_4155-Avec-accentuation-NR-1024x575.jpeg","contentUrl":"https:\/\/arresproduction.com\/wp-content\/uploads\/2024\/07\/IMG_4155-Avec-accentuation-NR-1024x575.jpeg"},{"@type":"BreadcrumbList","@id":"https:\/\/arresproduction.com\/index.php\/seance-photos-personnalisable\/#breadcrumb","itemListElement":[{"@type":"ListItem","position":1,"name":"Accueil","item":"https:\/\/arresproduction.com\/"},{"@type":"ListItem","position":2,"name":"S\u00e9ance Photos personnalisable"}]},{"@type":"WebSite","@id":"https:\/\/arresproduction.com\/#website","url":"https:\/\/arresproduction.com\/","name":"Arres Production","description":"La soci\u00e9t\u00e9 Arres Production \u00e0 votre service","potentialAction":[{"@type":"SearchAction","target":{"@type":"EntryPoint","urlTemplate":"https:\/\/arresproduction.com\/?s={search_term_string}"},"query-input":{"@type":"PropertyValueSpecification","valueRequired":true,"valueName":"search_term_string"}}],"inLanguage":"fr-FR"}]}},"_links":{"self":[{"href":"https:\/\/arresproduction.com\/index.php\/wp-json\/wp\/v2\/pages\/4442","targetHints":{"allow":["GET"]}}],"collection":[{"href":"https:\/\/arresproduction.com\/index.php\/wp-json\/wp\/v2\/pages"}],"about":[{"href":"https:\/\/arresproduction.com\/index.php\/wp-json\/wp\/v2\/types\/page"}],"author":[{"embeddable":true,"href":"https:\/\/arresproduction.com\/index.php\/wp-json\/wp\/v2\/users\/1"}],"replies":[{"embeddable":true,"href":"https:\/\/arresproduction.com\/index.php\/wp-json\/wp\/v2\/comments?post=4442"}],"version-history":[{"count":7,"href":"https:\/\/arresproduction.com\/index.php\/wp-json\/wp\/v2\/pages\/4442\/revisions"}],"predecessor-version":[{"id":4457,"href":"https:\/\/arresproduction.com\/index.php\/wp-json\/wp\/v2\/pages\/4442\/revisions\/4457"}],"wp:attachment":[{"href":"https:\/\/arresproduction.com\/index.php\/wp-json\/wp\/v2\/media?parent=4442"}],"curies":[{"name":"wp","href":"https:\/\/api.w.org\/{rel}","templated":true}]}}