{"id":4274,"date":"2024-02-04T21:59:26","date_gmt":"2024-02-04T20:59:26","guid":{"rendered":"https:\/\/arresproduction.com\/?page_id=4274"},"modified":"2024-02-04T23:00:28","modified_gmt":"2024-02-04T22:00:28","slug":"objectif-anamorphique","status":"publish","type":"page","link":"https:\/\/arresproduction.com\/index.php\/objectif-anamorphique\/","title":{"rendered":"Objectif Anamorphique"},"content":{"rendered":"\t\t<div data-elementor-type=\"wp-page\" data-elementor-id=\"4274\" class=\"elementor elementor-4274\" data-elementor-settings=\"{&quot;ekit_onepagescroll&quot;:&quot;block&quot;,&quot;ekit_onepagescroll_nav&quot;:&quot;0&quot;}\" data-elementor-post-type=\"page\">\n\t\t\t\t\t\t<section class=\"elementor-section elementor-top-section elementor-element elementor-element-0e119f2 elementor-section-boxed elementor-section-height-default elementor-section-height-default\" data-id=\"0e119f2\" data-element_type=\"section\" data-settings=\"{&quot;ekit_has_onepagescroll_dot&quot;:&quot;yes&quot;}\">\n\t\t\t\t\t\t<div class=\"elementor-container elementor-column-gap-default\">\n\t\t\t\t\t<div class=\"elementor-column elementor-col-100 elementor-top-column elementor-element elementor-element-3375719\" data-id=\"3375719\" data-element_type=\"column\">\n\t\t\t<div class=\"elementor-widget-wrap elementor-element-populated\">\n\t\t\t\t\t\t<div class=\"elementor-element elementor-element-7099116 elementor-view-default elementor-position-top elementor-mobile-position-top elementor-widget elementor-widget-icon-box\" data-id=\"7099116\" data-element_type=\"widget\" data-settings=\"{&quot;ekit_we_effect_on&quot;:&quot;none&quot;}\" data-widget_type=\"icon-box.default\">\n\t\t\t\t<div class=\"elementor-widget-container\">\n\t\t\t\t\t\t\t<div class=\"elementor-icon-box-wrapper\">\n\n\t\t\t\t\t\t<div class=\"elementor-icon-box-icon\">\n\t\t\t\t<span  class=\"elementor-icon\">\n\t\t\t\t<i aria-hidden=\"true\" class=\"photo photo-icon-camera-lens\"><\/i>\t\t\t\t<\/span>\n\t\t\t<\/div>\n\t\t\t\n\t\t\t\t\t\t<div class=\"elementor-icon-box-content\">\n\n\t\t\t\t\t\t\t\t\t<h3 class=\"elementor-icon-box-title\">\n\t\t\t\t\t\t<span  >\n\t\t\t\t\t\t\tObjectif Cine Lens Anamorphiques\t\t\t\t\t\t<\/span>\n\t\t\t\t\t<\/h3>\n\t\t\t\t\n\t\t\t\t\t\t\t\t\t<p class=\"elementor-icon-box-description\">\n\t\t\t\t\t\tLes objectifs anamorphiques sont une gamme d\u2019objectif Cine lens qui permet un rapport d\u2019aspect large, les rapports 2,39:1 ou 2,35:1 par exemple. Cela se fait en comprimant l\u2019image horizontalement, ce qui se traduit par un champ de vision plus \u00e9troit. Les objectifs anamorphiques sont souvent utilis\u00e9es dans les films et la t\u00e9l\u00e9vision pour donner un aspect plus cin\u00e9matographique.<br>\n\nLa diff\u00e9rence fondamentale entre une optique sph\u00e9rique et une anamorphique concerne le ratio d\u2019image, c\u2019est-\u00e0-dire la proportion entre la largeur et la hauteur. L\u2019utilisation d\u2019une optique anamorphique permet \u00e0 focale \u00e9quivalente d\u2019obtenir une image plus large tout en conservant les m\u00eames proportions en hauteur.\t\t\t\t\t<\/p>\n\t\t\t\t\n\t\t\t<\/div>\n\t\t\t\n\t\t<\/div>\n\t\t\t\t\t\t<\/div>\n\t\t\t\t<\/div>\n\t\t\t\t\t<\/div>\n\t\t<\/div>\n\t\t\t\t\t<\/div>\n\t\t<\/section>\n\t\t\t\t<section class=\"elementor-section elementor-top-section elementor-element elementor-element-7057fdf elementor-section-boxed elementor-section-height-default elementor-section-height-default\" data-id=\"7057fdf\" data-element_type=\"section\" data-settings=\"{&quot;ekit_has_onepagescroll_dot&quot;:&quot;yes&quot;}\">\n\t\t\t\t\t\t<div class=\"elementor-container elementor-column-gap-default\">\n\t\t\t\t\t<div class=\"elementor-column elementor-col-100 elementor-top-column elementor-element elementor-element-b7e9737\" data-id=\"b7e9737\" data-element_type=\"column\">\n\t\t\t<div class=\"elementor-widget-wrap elementor-element-populated\">\n\t\t\t\t\t\t<div class=\"elementor-element elementor-element-ee82a75 elementor-widget elementor-widget-image\" data-id=\"ee82a75\" data-element_type=\"widget\" data-settings=\"{&quot;ekit_we_effect_on&quot;:&quot;none&quot;}\" data-widget_type=\"image.default\">\n\t\t\t\t<div class=\"elementor-widget-container\">\n\t\t\t\t\t\t\t\t\t\t\t\t<figure class=\"wp-caption\">\n\t\t\t\t\t\t\t\t\t\t\t<a href=\"https:\/\/www.adobe.com\/fr\/creativecloud\/photography\/discover\/anamorphic-photography.html\">\n\t\t\t\t\t\t\t<img fetchpriority=\"high\" decoding=\"async\" width=\"720\" height=\"405\" src=\"https:\/\/arresproduction.com\/wp-content\/uploads\/2024\/02\/anamorphic-et-spherique.jpg\" class=\"attachment-large size-large wp-image-4280\" alt=\"\" srcset=\"https:\/\/arresproduction.com\/wp-content\/uploads\/2024\/02\/anamorphic-et-spherique.jpg 720w, https:\/\/arresproduction.com\/wp-content\/uploads\/2024\/02\/anamorphic-et-spherique-300x169.jpg 300w, https:\/\/arresproduction.com\/wp-content\/uploads\/2024\/02\/anamorphic-et-spherique-70x39.jpg 70w, https:\/\/arresproduction.com\/wp-content\/uploads\/2024\/02\/anamorphic-et-spherique-600x338.jpg 600w\" sizes=\"(max-width: 720px) 100vw, 720px\" \/>\t\t\t\t\t\t\t\t<\/a>\n\t\t\t\t\t\t\t\t\t\t\t<figcaption class=\"widget-image-caption wp-caption-text\">Image : Shane Dresch &amp; Adobe<\/figcaption>\n\t\t\t\t\t\t\t\t\t\t<\/figure>\n\t\t\t\t\t\t\t\t\t<\/div>\n\t\t\t\t<\/div>\n\t\t\t\t\t<\/div>\n\t\t<\/div>\n\t\t\t\t\t<\/div>\n\t\t<\/section>\n\t\t\t\t<section class=\"elementor-section elementor-top-section elementor-element elementor-element-037f28b elementor-section-boxed elementor-section-height-default elementor-section-height-default\" data-id=\"037f28b\" data-element_type=\"section\" data-settings=\"{&quot;ekit_has_onepagescroll_dot&quot;:&quot;yes&quot;}\">\n\t\t\t\t\t\t<div class=\"elementor-container elementor-column-gap-default\">\n\t\t\t\t\t<div class=\"elementor-column elementor-col-100 elementor-top-column elementor-element elementor-element-661f910\" data-id=\"661f910\" data-element_type=\"column\">\n\t\t\t<div class=\"elementor-widget-wrap elementor-element-populated\">\n\t\t\t\t\t\t<div class=\"elementor-element elementor-element-1f26a3e elementor-widget elementor-widget-image\" data-id=\"1f26a3e\" data-element_type=\"widget\" data-settings=\"{&quot;ekit_we_effect_on&quot;:&quot;none&quot;}\" data-widget_type=\"image.default\">\n\t\t\t\t<div class=\"elementor-widget-container\">\n\t\t\t\t\t\t\t\t\t\t\t\t<figure class=\"wp-caption\">\n\t\t\t\t\t\t\t\t\t\t<img decoding=\"async\" src=\"https:\/\/arresproduction.com\/wp-content\/uploads\/2024\/02\/lan-2.jpg\" title=\"lan 2\" alt=\"lan 2\" loading=\"lazy\" \/>\t\t\t\t\t\t\t\t\t\t\t<figcaption class=\"widget-image-caption wp-caption-text\">Image : Sirui Venus<\/figcaption>\n\t\t\t\t\t\t\t\t\t\t<\/figure>\n\t\t\t\t\t\t\t\t\t<\/div>\n\t\t\t\t<\/div>\n\t\t\t\t\t<\/div>\n\t\t<\/div>\n\t\t\t\t\t<\/div>\n\t\t<\/section>\n\t\t\t\t<\/div>\n\t\t","protected":false},"excerpt":{"rendered":"<p>Objectif Cine Lens Anamorphiques Les objectifs anamorphiques sont une gamme d\u2019objectif Cine lens qui permet un rapport d\u2019aspect large, les rapports 2,39:1 ou 2,35:1 par exemple. Cela se fait en comprimant l\u2019image horizontalement, ce qui se traduit par un champ de vision plus \u00e9troit. Les objectifs anamorphiques sont souvent utilis\u00e9es dans les films et la [&hellip;]<\/p>\n","protected":false},"author":1,"featured_media":0,"parent":0,"menu_order":0,"comment_status":"closed","ping_status":"closed","template":"template-landing.php","meta":{"_acf_changed":false,"footnotes":""},"class_list":["post-4274","page","type-page","status-publish","hentry"],"acf":[],"yoast_head":"<!-- This site is optimized with the Yoast SEO plugin v27.1.1 - https:\/\/yoast.com\/product\/yoast-seo-wordpress\/ -->\n<title>Objectif Anamorphique - Arres Production<\/title>\n<meta name=\"robots\" content=\"index, follow, max-snippet:-1, max-image-preview:large, max-video-preview:-1\" \/>\n<link rel=\"canonical\" href=\"https:\/\/arresproduction.com\/index.php\/objectif-anamorphique\/\" \/>\n<meta property=\"og:locale\" content=\"fr_FR\" \/>\n<meta property=\"og:type\" content=\"article\" \/>\n<meta property=\"og:title\" content=\"Objectif Anamorphique - Arres Production\" \/>\n<meta property=\"og:description\" content=\"Objectif Cine Lens Anamorphiques Les objectifs anamorphiques sont une gamme d\u2019objectif Cine lens qui permet un rapport d\u2019aspect large, les rapports 2,39:1 ou 2,35:1 par exemple. Cela se fait en comprimant l\u2019image horizontalement, ce qui se traduit par un champ de vision plus \u00e9troit. Les objectifs anamorphiques sont souvent utilis\u00e9es dans les films et la [&hellip;]\" \/>\n<meta property=\"og:url\" content=\"https:\/\/arresproduction.com\/index.php\/objectif-anamorphique\/\" \/>\n<meta property=\"og:site_name\" content=\"Arres Production\" \/>\n<meta property=\"article:publisher\" content=\"https:\/\/www.facebook.com\/Arresproduction\" \/>\n<meta property=\"article:modified_time\" content=\"2024-02-04T22:00:28+00:00\" \/>\n<meta property=\"og:image\" content=\"http:\/\/arresproduction.com\/wp-content\/uploads\/2024\/02\/anamorphic-et-spherique.jpg\" \/>\n<meta name=\"twitter:card\" content=\"summary_large_image\" \/>\n<meta name=\"twitter:label1\" content=\"Dur\u00e9e de lecture estim\u00e9e\" \/>\n\t<meta name=\"twitter:data1\" content=\"1 minute\" \/>\n<script type=\"application\/ld+json\" class=\"yoast-schema-graph\">{\"@context\":\"https:\/\/schema.org\",\"@graph\":[{\"@type\":\"WebPage\",\"@id\":\"https:\/\/arresproduction.com\/index.php\/objectif-anamorphique\/\",\"url\":\"https:\/\/arresproduction.com\/index.php\/objectif-anamorphique\/\",\"name\":\"Objectif Anamorphique - Arres Production\",\"isPartOf\":{\"@id\":\"https:\/\/arresproduction.com\/#website\"},\"primaryImageOfPage\":{\"@id\":\"https:\/\/arresproduction.com\/index.php\/objectif-anamorphique\/#primaryimage\"},\"image\":{\"@id\":\"https:\/\/arresproduction.com\/index.php\/objectif-anamorphique\/#primaryimage\"},\"thumbnailUrl\":\"http:\/\/arresproduction.com\/wp-content\/uploads\/2024\/02\/anamorphic-et-spherique.jpg\",\"datePublished\":\"2024-02-04T20:59:26+00:00\",\"dateModified\":\"2024-02-04T22:00:28+00:00\",\"breadcrumb\":{\"@id\":\"https:\/\/arresproduction.com\/index.php\/objectif-anamorphique\/#breadcrumb\"},\"inLanguage\":\"fr-FR\",\"potentialAction\":[{\"@type\":\"ReadAction\",\"target\":[\"https:\/\/arresproduction.com\/index.php\/objectif-anamorphique\/\"]}]},{\"@type\":\"ImageObject\",\"inLanguage\":\"fr-FR\",\"@id\":\"https:\/\/arresproduction.com\/index.php\/objectif-anamorphique\/#primaryimage\",\"url\":\"http:\/\/arresproduction.com\/wp-content\/uploads\/2024\/02\/anamorphic-et-spherique.jpg\",\"contentUrl\":\"http:\/\/arresproduction.com\/wp-content\/uploads\/2024\/02\/anamorphic-et-spherique.jpg\"},{\"@type\":\"BreadcrumbList\",\"@id\":\"https:\/\/arresproduction.com\/index.php\/objectif-anamorphique\/#breadcrumb\",\"itemListElement\":[{\"@type\":\"ListItem\",\"position\":1,\"name\":\"Accueil\",\"item\":\"https:\/\/arresproduction.com\/\"},{\"@type\":\"ListItem\",\"position\":2,\"name\":\"Objectif Anamorphique\"}]},{\"@type\":\"WebSite\",\"@id\":\"https:\/\/arresproduction.com\/#website\",\"url\":\"https:\/\/arresproduction.com\/\",\"name\":\"Arres Production\",\"description\":\"La soci\u00e9t\u00e9 Arres Production \u00e0 votre service\",\"potentialAction\":[{\"@type\":\"SearchAction\",\"target\":{\"@type\":\"EntryPoint\",\"urlTemplate\":\"https:\/\/arresproduction.com\/?s={search_term_string}\"},\"query-input\":{\"@type\":\"PropertyValueSpecification\",\"valueRequired\":true,\"valueName\":\"search_term_string\"}}],\"inLanguage\":\"fr-FR\"}]}<\/script>\n<!-- \/ Yoast SEO plugin. -->","yoast_head_json":{"title":"Objectif Anamorphique - Arres Production","robots":{"index":"index","follow":"follow","max-snippet":"max-snippet:-1","max-image-preview":"max-image-preview:large","max-video-preview":"max-video-preview:-1"},"canonical":"https:\/\/arresproduction.com\/index.php\/objectif-anamorphique\/","og_locale":"fr_FR","og_type":"article","og_title":"Objectif Anamorphique - Arres Production","og_description":"Objectif Cine Lens Anamorphiques Les objectifs anamorphiques sont une gamme d\u2019objectif Cine lens qui permet un rapport d\u2019aspect large, les rapports 2,39:1 ou 2,35:1 par exemple. Cela se fait en comprimant l\u2019image horizontalement, ce qui se traduit par un champ de vision plus \u00e9troit. Les objectifs anamorphiques sont souvent utilis\u00e9es dans les films et la [&hellip;]","og_url":"https:\/\/arresproduction.com\/index.php\/objectif-anamorphique\/","og_site_name":"Arres Production","article_publisher":"https:\/\/www.facebook.com\/Arresproduction","article_modified_time":"2024-02-04T22:00:28+00:00","og_image":[{"url":"http:\/\/arresproduction.com\/wp-content\/uploads\/2024\/02\/anamorphic-et-spherique.jpg","type":"","width":"","height":""}],"twitter_card":"summary_large_image","twitter_misc":{"Dur\u00e9e de lecture estim\u00e9e":"1 minute"},"schema":{"@context":"https:\/\/schema.org","@graph":[{"@type":"WebPage","@id":"https:\/\/arresproduction.com\/index.php\/objectif-anamorphique\/","url":"https:\/\/arresproduction.com\/index.php\/objectif-anamorphique\/","name":"Objectif Anamorphique - Arres Production","isPartOf":{"@id":"https:\/\/arresproduction.com\/#website"},"primaryImageOfPage":{"@id":"https:\/\/arresproduction.com\/index.php\/objectif-anamorphique\/#primaryimage"},"image":{"@id":"https:\/\/arresproduction.com\/index.php\/objectif-anamorphique\/#primaryimage"},"thumbnailUrl":"http:\/\/arresproduction.com\/wp-content\/uploads\/2024\/02\/anamorphic-et-spherique.jpg","datePublished":"2024-02-04T20:59:26+00:00","dateModified":"2024-02-04T22:00:28+00:00","breadcrumb":{"@id":"https:\/\/arresproduction.com\/index.php\/objectif-anamorphique\/#breadcrumb"},"inLanguage":"fr-FR","potentialAction":[{"@type":"ReadAction","target":["https:\/\/arresproduction.com\/index.php\/objectif-anamorphique\/"]}]},{"@type":"ImageObject","inLanguage":"fr-FR","@id":"https:\/\/arresproduction.com\/index.php\/objectif-anamorphique\/#primaryimage","url":"http:\/\/arresproduction.com\/wp-content\/uploads\/2024\/02\/anamorphic-et-spherique.jpg","contentUrl":"http:\/\/arresproduction.com\/wp-content\/uploads\/2024\/02\/anamorphic-et-spherique.jpg"},{"@type":"BreadcrumbList","@id":"https:\/\/arresproduction.com\/index.php\/objectif-anamorphique\/#breadcrumb","itemListElement":[{"@type":"ListItem","position":1,"name":"Accueil","item":"https:\/\/arresproduction.com\/"},{"@type":"ListItem","position":2,"name":"Objectif Anamorphique"}]},{"@type":"WebSite","@id":"https:\/\/arresproduction.com\/#website","url":"https:\/\/arresproduction.com\/","name":"Arres Production","description":"La soci\u00e9t\u00e9 Arres Production \u00e0 votre service","potentialAction":[{"@type":"SearchAction","target":{"@type":"EntryPoint","urlTemplate":"https:\/\/arresproduction.com\/?s={search_term_string}"},"query-input":{"@type":"PropertyValueSpecification","valueRequired":true,"valueName":"search_term_string"}}],"inLanguage":"fr-FR"}]}},"_links":{"self":[{"href":"https:\/\/arresproduction.com\/index.php\/wp-json\/wp\/v2\/pages\/4274","targetHints":{"allow":["GET"]}}],"collection":[{"href":"https:\/\/arresproduction.com\/index.php\/wp-json\/wp\/v2\/pages"}],"about":[{"href":"https:\/\/arresproduction.com\/index.php\/wp-json\/wp\/v2\/types\/page"}],"author":[{"embeddable":true,"href":"https:\/\/arresproduction.com\/index.php\/wp-json\/wp\/v2\/users\/1"}],"replies":[{"embeddable":true,"href":"https:\/\/arresproduction.com\/index.php\/wp-json\/wp\/v2\/comments?post=4274"}],"version-history":[{"count":26,"href":"https:\/\/arresproduction.com\/index.php\/wp-json\/wp\/v2\/pages\/4274\/revisions"}],"predecessor-version":[{"id":4312,"href":"https:\/\/arresproduction.com\/index.php\/wp-json\/wp\/v2\/pages\/4274\/revisions\/4312"}],"wp:attachment":[{"href":"https:\/\/arresproduction.com\/index.php\/wp-json\/wp\/v2\/media?parent=4274"}],"curies":[{"name":"wp","href":"https:\/\/api.w.org\/{rel}","templated":true}]}}