{"id":4116,"date":"2023-11-19T01:43:26","date_gmt":"2023-11-19T00:43:26","guid":{"rendered":"https:\/\/arresproduction.com\/index.php\/scattered\/"},"modified":"2024-07-19T18:46:02","modified_gmt":"2024-07-19T16:46:02","slug":"album","status":"publish","type":"page","link":"https:\/\/arresproduction.com\/index.php\/album\/","title":{"rendered":"Album"},"content":{"rendered":"\t\t<div data-elementor-type=\"wp-page\" data-elementor-id=\"4116\" class=\"elementor elementor-4116\" data-elementor-post-type=\"page\">\n\t\t\t\t\t\t<section class=\"elementor-section elementor-top-section elementor-element elementor-element-e354e2d elementor-section-boxed elementor-section-height-default elementor-section-height-default\" data-id=\"e354e2d\" data-element_type=\"section\" data-settings=\"{&quot;ekit_has_onepagescroll_dot&quot;:&quot;yes&quot;}\">\n\t\t\t\t\t\t<div class=\"elementor-container elementor-column-gap-default\">\n\t\t\t\t\t<div class=\"elementor-column elementor-col-100 elementor-top-column elementor-element elementor-element-05e36e7\" data-id=\"05e36e7\" data-element_type=\"column\">\n\t\t\t<div class=\"elementor-widget-wrap elementor-element-populated\">\n\t\t\t\t\t\t<div class=\"elementor-element elementor-element-b00d068 elementor-widget elementor-widget-image-gallery\" data-id=\"b00d068\" data-element_type=\"widget\" data-settings=\"{&quot;ekit_we_effect_on&quot;:&quot;none&quot;}\" data-widget_type=\"image-gallery.default\">\n\t\t\t\t<div class=\"elementor-widget-container\">\n\t\t\t\t\t\t\t<div class=\"elementor-image-gallery\">\n\t\t\t\n\t\t<style type=\"text\/css\">\n\t\t\t#gallery-1 {\n\t\t\t\tmargin: auto;\n\t\t\t}\n\t\t\t#gallery-1 .gallery-item {\n\t\t\t\tfloat: left;\n\t\t\t\tmargin-top: 10px;\n\t\t\t\ttext-align: center;\n\t\t\t\twidth: 33%;\n\t\t\t}\n\t\t\t#gallery-1 img {\n\t\t\t\tborder: 2px solid #cfcfcf;\n\t\t\t}\n\t\t\t#gallery-1 .gallery-caption {\n\t\t\t\tmargin-left: 0;\n\t\t\t}\n\t\t\t\/* see gallery_shortcode() in wp-includes\/media.php *\/\n\t\t<\/style>\n\t\t<div id='gallery-1' class='gallery galleryid-4116 gallery-columns-3 gallery-size-thumbnail'><dl class='gallery-item'>\n\t\t\t<dt class='gallery-icon landscape'>\n\t\t\t\t<a data-elementor-open-lightbox=\"yes\" data-elementor-lightbox-slideshow=\"b00d068\" data-elementor-lightbox-title=\"Alison &amp; tournesol\" data-e-action-hash=\"#elementor-action%3Aaction%3Dlightbox%26settings%3DeyJpZCI6NDQxMywidXJsIjoiaHR0cHM6XC9cL2FycmVzcHJvZHVjdGlvbi5jb21cL3dwLWNvbnRlbnRcL3VwbG9hZHNcLzIwMjRcLzA3XC9JTUdfNDA4Mi5qcGciLCJzbGlkZXNob3ciOiJiMDBkMDY4In0%3D\" href='https:\/\/arresproduction.com\/wp-content\/uploads\/2024\/07\/IMG_4082.jpg'><img decoding=\"async\" width=\"150\" height=\"150\" src=\"https:\/\/arresproduction.com\/wp-content\/uploads\/2024\/07\/IMG_4082-150x150.jpg\" class=\"attachment-thumbnail size-thumbnail\" alt=\"\" aria-describedby=\"gallery-1-4413\" srcset=\"https:\/\/arresproduction.com\/wp-content\/uploads\/2024\/07\/IMG_4082-150x150.jpg 150w, https:\/\/arresproduction.com\/wp-content\/uploads\/2024\/07\/IMG_4082-300x300.jpg 300w, https:\/\/arresproduction.com\/wp-content\/uploads\/2024\/07\/IMG_4082-100x100.jpg 100w\" sizes=\"(max-width: 150px) 100vw, 150px\" \/><\/a>\n\t\t\t<\/dt>\n\t\t\t\t<dd class='wp-caption-text gallery-caption' id='gallery-1-4413'>\n\t\t\t\tALISON\n\t\t\t\t<\/dd><\/dl><dl class='gallery-item'>\n\t\t\t<dt class='gallery-icon landscape'>\n\t\t\t\t<a data-elementor-open-lightbox=\"yes\" data-elementor-lightbox-slideshow=\"b00d068\" data-elementor-lightbox-title=\"Belito &amp; Ms Vacances\" data-e-action-hash=\"#elementor-action%3Aaction%3Dlightbox%26settings%3DeyJpZCI6NDM0NywidXJsIjoiaHR0cHM6XC9cL2FycmVzcHJvZHVjdGlvbi5jb21cL3dwLWNvbnRlbnRcL3VwbG9hZHNcLzIwMjRcLzA3XC9JTUdfMTk2OC5wbmciLCJzbGlkZXNob3ciOiJiMDBkMDY4In0%3D\" href='https:\/\/arresproduction.com\/wp-content\/uploads\/2024\/07\/IMG_1968.png'><img decoding=\"async\" width=\"150\" height=\"150\" src=\"https:\/\/arresproduction.com\/wp-content\/uploads\/2024\/07\/IMG_1968-150x150.png\" class=\"attachment-thumbnail size-thumbnail\" alt=\"\" aria-describedby=\"gallery-1-4347\" srcset=\"https:\/\/arresproduction.com\/wp-content\/uploads\/2024\/07\/IMG_1968-150x150.png 150w, https:\/\/arresproduction.com\/wp-content\/uploads\/2024\/07\/IMG_1968-300x300.png 300w, https:\/\/arresproduction.com\/wp-content\/uploads\/2024\/07\/IMG_1968-1024x1024.png 1024w, https:\/\/arresproduction.com\/wp-content\/uploads\/2024\/07\/IMG_1968-768x768.png 768w, https:\/\/arresproduction.com\/wp-content\/uploads\/2024\/07\/IMG_1968-1536x1536.png 1536w, https:\/\/arresproduction.com\/wp-content\/uploads\/2024\/07\/IMG_1968-70x70.png 70w, https:\/\/arresproduction.com\/wp-content\/uploads\/2024\/07\/IMG_1968-600x600.png 600w, https:\/\/arresproduction.com\/wp-content\/uploads\/2024\/07\/IMG_1968-100x100.png 100w, https:\/\/arresproduction.com\/wp-content\/uploads\/2024\/07\/IMG_1968.png 2000w\" sizes=\"(max-width: 150px) 100vw, 150px\" \/><\/a>\n\t\t\t<\/dt>\n\t\t\t\t<dd class='wp-caption-text gallery-caption' id='gallery-1-4347'>\n\t\t\t\tBELITO\n\t\t\t\t<\/dd><\/dl><dl class='gallery-item'>\n\t\t\t<dt class='gallery-icon landscape'>\n\t\t\t\t<a data-elementor-open-lightbox=\"yes\" data-elementor-lightbox-slideshow=\"b00d068\" data-elementor-lightbox-title=\"Paola &amp; Portrait\" data-e-action-hash=\"#elementor-action%3Aaction%3Dlightbox%26settings%3DeyJpZCI6NDM0NiwidXJsIjoiaHR0cHM6XC9cL2FycmVzcHJvZHVjdGlvbi5jb21cL3dwLWNvbnRlbnRcL3VwbG9hZHNcLzIwMjRcLzA3XC9JTUdfMjkxNS5wbmciLCJzbGlkZXNob3ciOiJiMDBkMDY4In0%3D\" href='https:\/\/arresproduction.com\/wp-content\/uploads\/2024\/07\/IMG_2915.png'><img decoding=\"async\" width=\"150\" height=\"150\" src=\"https:\/\/arresproduction.com\/wp-content\/uploads\/2024\/07\/IMG_2915-150x150.png\" class=\"attachment-thumbnail size-thumbnail\" alt=\"\" aria-describedby=\"gallery-1-4346\" srcset=\"https:\/\/arresproduction.com\/wp-content\/uploads\/2024\/07\/IMG_2915-150x150.png 150w, https:\/\/arresproduction.com\/wp-content\/uploads\/2024\/07\/IMG_2915-300x300.png 300w, https:\/\/arresproduction.com\/wp-content\/uploads\/2024\/07\/IMG_2915-100x100.png 100w\" sizes=\"(max-width: 150px) 100vw, 150px\" \/><\/a>\n\t\t\t<\/dt>\n\t\t\t\t<dd class='wp-caption-text gallery-caption' id='gallery-1-4346'>\n\t\t\t\tPAOLA\n\t\t\t\t<\/dd><\/dl><br style=\"clear: both\" \/><dl class='gallery-item'>\n\t\t\t<dt class='gallery-icon landscape'>\n\t\t\t\t<a data-elementor-open-lightbox=\"yes\" data-elementor-lightbox-slideshow=\"b00d068\" data-elementor-lightbox-title=\"Sam &amp; Book photos\" data-e-action-hash=\"#elementor-action%3Aaction%3Dlightbox%26settings%3DeyJpZCI6NDM0NCwidXJsIjoiaHR0cHM6XC9cL2FycmVzcHJvZHVjdGlvbi5jb21cL3dwLWNvbnRlbnRcL3VwbG9hZHNcLzIwMjRcLzA3XC9JTUdfMzkyMS5wbmciLCJzbGlkZXNob3ciOiJiMDBkMDY4In0%3D\" href='https:\/\/arresproduction.com\/wp-content\/uploads\/2024\/07\/IMG_3921.png'><img loading=\"lazy\" decoding=\"async\" width=\"150\" height=\"150\" src=\"https:\/\/arresproduction.com\/wp-content\/uploads\/2024\/07\/IMG_3921-150x150.png\" class=\"attachment-thumbnail size-thumbnail\" alt=\"\" aria-describedby=\"gallery-1-4344\" srcset=\"https:\/\/arresproduction.com\/wp-content\/uploads\/2024\/07\/IMG_3921-150x150.png 150w, https:\/\/arresproduction.com\/wp-content\/uploads\/2024\/07\/IMG_3921-300x300.png 300w, https:\/\/arresproduction.com\/wp-content\/uploads\/2024\/07\/IMG_3921-100x100.png 100w\" sizes=\"(max-width: 150px) 100vw, 150px\" \/><\/a>\n\t\t\t<\/dt>\n\t\t\t\t<dd class='wp-caption-text gallery-caption' id='gallery-1-4344'>\n\t\t\t\tSAM\n\t\t\t\t<\/dd><\/dl>\n\t\t\t<br style='clear: both' \/>\n\t\t<\/div>\n\t\t<\/div>\n\t\t\t\t\t\t<\/div>\n\t\t\t\t<\/div>\n\t\t\t\t\t<\/div>\n\t\t<\/div>\n\t\t\t\t\t<\/div>\n\t\t<\/section>\n\t\t\t\t<\/div>\n\t\t","protected":false},"excerpt":{"rendered":"<p>ALISON BELITO PAOLA SAM<\/p>\n","protected":false},"author":1,"featured_media":0,"parent":0,"menu_order":0,"comment_status":"closed","ping_status":"closed","template":"","meta":{"_acf_changed":false,"footnotes":""},"class_list":["post-4116","page","type-page","status-publish","hentry"],"acf":[],"yoast_head":"<!-- This site is optimized with the Yoast SEO plugin v27.1.1 - https:\/\/yoast.com\/product\/yoast-seo-wordpress\/ -->\n<title>Album - Arres Production<\/title>\n<meta name=\"robots\" content=\"index, follow, max-snippet:-1, max-image-preview:large, max-video-preview:-1\" \/>\n<link rel=\"canonical\" href=\"https:\/\/arresproduction.com\/index.php\/album\/\" \/>\n<meta property=\"og:locale\" content=\"fr_FR\" \/>\n<meta property=\"og:type\" content=\"article\" \/>\n<meta property=\"og:title\" content=\"Album - Arres Production\" \/>\n<meta property=\"og:description\" content=\"ALISON BELITO PAOLA SAM\" \/>\n<meta property=\"og:url\" content=\"https:\/\/arresproduction.com\/index.php\/album\/\" \/>\n<meta property=\"og:site_name\" content=\"Arres Production\" \/>\n<meta property=\"article:publisher\" content=\"https:\/\/www.facebook.com\/Arresproduction\" \/>\n<meta property=\"article:modified_time\" content=\"2024-07-19T16:46:02+00:00\" \/>\n<meta property=\"og:image\" content=\"http:\/\/arresproduction.com\/wp-content\/uploads\/2024\/07\/IMG_4082-150x150.jpg\" \/>\n<meta name=\"twitter:card\" content=\"summary_large_image\" \/>\n<meta name=\"twitter:label1\" content=\"Dur\u00e9e de lecture estim\u00e9e\" \/>\n\t<meta name=\"twitter:data1\" content=\"1 minute\" \/>\n<script type=\"application\/ld+json\" class=\"yoast-schema-graph\">{\"@context\":\"https:\/\/schema.org\",\"@graph\":[{\"@type\":\"WebPage\",\"@id\":\"https:\/\/arresproduction.com\/index.php\/album\/\",\"url\":\"https:\/\/arresproduction.com\/index.php\/album\/\",\"name\":\"Album - Arres Production\",\"isPartOf\":{\"@id\":\"https:\/\/arresproduction.com\/#website\"},\"primaryImageOfPage\":{\"@id\":\"https:\/\/arresproduction.com\/index.php\/album\/#primaryimage\"},\"image\":{\"@id\":\"https:\/\/arresproduction.com\/index.php\/album\/#primaryimage\"},\"thumbnailUrl\":\"http:\/\/arresproduction.com\/wp-content\/uploads\/2024\/07\/IMG_4082-150x150.jpg\",\"datePublished\":\"2023-11-19T00:43:26+00:00\",\"dateModified\":\"2024-07-19T16:46:02+00:00\",\"breadcrumb\":{\"@id\":\"https:\/\/arresproduction.com\/index.php\/album\/#breadcrumb\"},\"inLanguage\":\"fr-FR\",\"potentialAction\":[{\"@type\":\"ReadAction\",\"target\":[\"https:\/\/arresproduction.com\/index.php\/album\/\"]}]},{\"@type\":\"ImageObject\",\"inLanguage\":\"fr-FR\",\"@id\":\"https:\/\/arresproduction.com\/index.php\/album\/#primaryimage\",\"url\":\"http:\/\/arresproduction.com\/wp-content\/uploads\/2024\/07\/IMG_4082-150x150.jpg\",\"contentUrl\":\"http:\/\/arresproduction.com\/wp-content\/uploads\/2024\/07\/IMG_4082-150x150.jpg\"},{\"@type\":\"BreadcrumbList\",\"@id\":\"https:\/\/arresproduction.com\/index.php\/album\/#breadcrumb\",\"itemListElement\":[{\"@type\":\"ListItem\",\"position\":1,\"name\":\"Accueil\",\"item\":\"https:\/\/arresproduction.com\/\"},{\"@type\":\"ListItem\",\"position\":2,\"name\":\"Album\"}]},{\"@type\":\"WebSite\",\"@id\":\"https:\/\/arresproduction.com\/#website\",\"url\":\"https:\/\/arresproduction.com\/\",\"name\":\"Arres Production\",\"description\":\"La soci\u00e9t\u00e9 Arres Production \u00e0 votre service\",\"potentialAction\":[{\"@type\":\"SearchAction\",\"target\":{\"@type\":\"EntryPoint\",\"urlTemplate\":\"https:\/\/arresproduction.com\/?s={search_term_string}\"},\"query-input\":{\"@type\":\"PropertyValueSpecification\",\"valueRequired\":true,\"valueName\":\"search_term_string\"}}],\"inLanguage\":\"fr-FR\"}]}<\/script>\n<!-- \/ Yoast SEO plugin. -->","yoast_head_json":{"title":"Album - Arres Production","robots":{"index":"index","follow":"follow","max-snippet":"max-snippet:-1","max-image-preview":"max-image-preview:large","max-video-preview":"max-video-preview:-1"},"canonical":"https:\/\/arresproduction.com\/index.php\/album\/","og_locale":"fr_FR","og_type":"article","og_title":"Album - Arres Production","og_description":"ALISON BELITO PAOLA SAM","og_url":"https:\/\/arresproduction.com\/index.php\/album\/","og_site_name":"Arres Production","article_publisher":"https:\/\/www.facebook.com\/Arresproduction","article_modified_time":"2024-07-19T16:46:02+00:00","og_image":[{"url":"http:\/\/arresproduction.com\/wp-content\/uploads\/2024\/07\/IMG_4082-150x150.jpg","type":"","width":"","height":""}],"twitter_card":"summary_large_image","twitter_misc":{"Dur\u00e9e de lecture estim\u00e9e":"1 minute"},"schema":{"@context":"https:\/\/schema.org","@graph":[{"@type":"WebPage","@id":"https:\/\/arresproduction.com\/index.php\/album\/","url":"https:\/\/arresproduction.com\/index.php\/album\/","name":"Album - Arres Production","isPartOf":{"@id":"https:\/\/arresproduction.com\/#website"},"primaryImageOfPage":{"@id":"https:\/\/arresproduction.com\/index.php\/album\/#primaryimage"},"image":{"@id":"https:\/\/arresproduction.com\/index.php\/album\/#primaryimage"},"thumbnailUrl":"http:\/\/arresproduction.com\/wp-content\/uploads\/2024\/07\/IMG_4082-150x150.jpg","datePublished":"2023-11-19T00:43:26+00:00","dateModified":"2024-07-19T16:46:02+00:00","breadcrumb":{"@id":"https:\/\/arresproduction.com\/index.php\/album\/#breadcrumb"},"inLanguage":"fr-FR","potentialAction":[{"@type":"ReadAction","target":["https:\/\/arresproduction.com\/index.php\/album\/"]}]},{"@type":"ImageObject","inLanguage":"fr-FR","@id":"https:\/\/arresproduction.com\/index.php\/album\/#primaryimage","url":"http:\/\/arresproduction.com\/wp-content\/uploads\/2024\/07\/IMG_4082-150x150.jpg","contentUrl":"http:\/\/arresproduction.com\/wp-content\/uploads\/2024\/07\/IMG_4082-150x150.jpg"},{"@type":"BreadcrumbList","@id":"https:\/\/arresproduction.com\/index.php\/album\/#breadcrumb","itemListElement":[{"@type":"ListItem","position":1,"name":"Accueil","item":"https:\/\/arresproduction.com\/"},{"@type":"ListItem","position":2,"name":"Album"}]},{"@type":"WebSite","@id":"https:\/\/arresproduction.com\/#website","url":"https:\/\/arresproduction.com\/","name":"Arres Production","description":"La soci\u00e9t\u00e9 Arres Production \u00e0 votre service","potentialAction":[{"@type":"SearchAction","target":{"@type":"EntryPoint","urlTemplate":"https:\/\/arresproduction.com\/?s={search_term_string}"},"query-input":{"@type":"PropertyValueSpecification","valueRequired":true,"valueName":"search_term_string"}}],"inLanguage":"fr-FR"}]}},"_links":{"self":[{"href":"https:\/\/arresproduction.com\/index.php\/wp-json\/wp\/v2\/pages\/4116","targetHints":{"allow":["GET"]}}],"collection":[{"href":"https:\/\/arresproduction.com\/index.php\/wp-json\/wp\/v2\/pages"}],"about":[{"href":"https:\/\/arresproduction.com\/index.php\/wp-json\/wp\/v2\/types\/page"}],"author":[{"embeddable":true,"href":"https:\/\/arresproduction.com\/index.php\/wp-json\/wp\/v2\/users\/1"}],"replies":[{"embeddable":true,"href":"https:\/\/arresproduction.com\/index.php\/wp-json\/wp\/v2\/comments?post=4116"}],"version-history":[{"count":16,"href":"https:\/\/arresproduction.com\/index.php\/wp-json\/wp\/v2\/pages\/4116\/revisions"}],"predecessor-version":[{"id":4428,"href":"https:\/\/arresproduction.com\/index.php\/wp-json\/wp\/v2\/pages\/4116\/revisions\/4428"}],"wp:attachment":[{"href":"https:\/\/arresproduction.com\/index.php\/wp-json\/wp\/v2\/media?parent=4116"}],"curies":[{"name":"wp","href":"https:\/\/api.w.org\/{rel}","templated":true}]}}