{"id":3714,"date":"2021-06-07T07:18:10","date_gmt":"2021-06-07T07:18:10","guid":{"rendered":"https:\/\/arresproduction.com\/index.php\/home\/"},"modified":"2025-05-07T23:57:56","modified_gmt":"2025-05-07T21:57:56","slug":"home","status":"publish","type":"page","link":"https:\/\/arresproduction.com\/","title":{"rendered":"Arres production"},"content":{"rendered":"\t\t<div data-elementor-type=\"wp-page\" data-elementor-id=\"3714\" class=\"elementor elementor-3714\" data-elementor-post-type=\"page\">\n\t\t\t\t\t\t<section class=\"elementor-section elementor-top-section elementor-element elementor-element-18b6e7c elementor-section-full_width elementor-section-height-default elementor-section-height-default\" data-id=\"18b6e7c\" data-element_type=\"section\" data-settings=\"{&quot;ekit_has_onepagescroll_dot&quot;:&quot;yes&quot;}\">\n\t\t\t\t\t\t<div class=\"elementor-container elementor-column-gap-no\">\n\t\t\t\t\t<div class=\"elementor-column elementor-col-100 elementor-top-column elementor-element elementor-element-5d0fecf\" data-id=\"5d0fecf\" data-element_type=\"column\">\n\t\t\t<div class=\"elementor-widget-wrap elementor-element-populated\">\n\t\t\t\t\t\t<div class=\"elementor-element elementor-element-1142ba8 elementor-widget elementor-widget-yprm_banner\" data-id=\"1142ba8\" data-element_type=\"widget\" data-settings=\"{&quot;ekit_we_effect_on&quot;:&quot;none&quot;}\" data-widget_type=\"yprm_banner.default\">\n\t\t\t\t<div class=\"elementor-widget-container\">\n\t\t\t\t\t\t\t\t<div class=\"banner-wrapper banner-area banner-69ddaf7cea8f6\" style=\"--transition-speed: 3500ms;\" data-settings=\"{&quot;loop&quot;:false,&quot;speed&quot;:1500,&quot;autoplay&quot;:false,&quot;arrows&quot;:true,&quot;dots&quot;:true,&quot;dots_position&quot;:&quot;right-bottom&quot;,&quot;animation&quot;:&quot;&quot;}\">\r\n\t\t\t\t\t\t<div class=\"banner-social-buttons\">\r\n\t\t\t<div class=\"links\">\r\n\t\t\t\t      <a class=\"item\" href=\"https:\/\/www.facebook.com\/Arresproduction\" target=\"_blank\">\r\n        <i class=\"fab fa-facebook\"><\/i>        <span>facebook<\/span>\r\n      <\/a>\r\n          <a class=\"item\" href=\"https:\/\/www.tiktok.com\/@arresproduction\" target=\"_blank\">\r\n        <i class=\"fab fa-tiktok\"><\/i>        <span>tiktok<\/span>\r\n      <\/a>\r\n          <a class=\"item\" href=\"https:\/\/www.instagram.com\/arresprod\/\" target=\"_blank\">\r\n        <i class=\"fab fa-instagram\"><\/i>        <span>instagram<\/span>\r\n      <\/a>\r\n    \t\t\t<\/div>\r\n\t\t<\/div>\r\n\t\t\t\t\t\t\t\t\t<div class=\"banner-categories vertical-align-bottom text-align-left\">\r\n\t\t\t\t      <div class=\"item\">\r\n        <a href=\"#\"  target=\"_blank\"  rel=\"nofollow\" style=\"background-image: url(https:\/\/arresproduction.com\/wp-content\/uploads\/2022\/08\/site.jpg);\">\r\n          <span>\r\n            <span class=\"num\"><\/span>\r\n            <span class=\"h\">Photo<\/span>\r\n          <\/span>\r\n        <\/a>\r\n      <\/div>\r\n          <div class=\"item\">\r\n        <a href=\"#\"  target=\"_blank\"  rel=\"nofollow\" style=\"background-image: url(https:\/\/arresproduction.com\/wp-content\/uploads\/2022\/06\/light-2284343.jpg);\">\r\n          <span>\r\n            <span class=\"num\"><\/span>\r\n            <span class=\"h\">Vid\u00e9o<\/span>\r\n          <\/span>\r\n        <\/a>\r\n      <\/div>\r\n          <div class=\"item\">\r\n        <a href=\"#\"  target=\"_blank\"  rel=\"nofollow\" style=\"background-image: url(https:\/\/arresproduction.com\/wp-content\/uploads\/2022\/10\/moi.png);\">\r\n          <span>\r\n            <span class=\"num\"><\/span>\r\n            <span class=\"h\">Contact<\/span>\r\n          <\/span>\r\n        <\/a>\r\n      <\/div>\r\n          <div class=\"item\">\r\n        <a href=\"#\"  target=\"_blank\"  rel=\"nofollow\" style=\"background-image: url(https:\/\/arresproduction.com\/wp-content\/uploads\/2022\/10\/BACK-GROUND.png);\">\r\n          <span>\r\n            <span class=\"num\"><\/span>\r\n            <span class=\"h\">Boutique<\/span>\r\n          <\/span>\r\n        <\/a>\r\n      <\/div>\r\n    \t\t\t<\/div>\r\n\t\t\t\t\t\t\t\t\t<div class=\"banner-about content\">\r\n\t\t\t\t<div class=\"row\">\r\n\t\t\t\t\t\t\t\t\t\t\t\t<div class=\"image col-12 col-md-6\" style=\"background-image: url(https:\/\/arresproduction.com\/wp-content\/uploads\/2022\/10\/moi.png);\"><\/div>\r\n        <div class=\"text col-12 col-md-6\">\r\n\t\t\t\t\t\t\t<div class=\"wrap\">\r\n\t\t\t\t\t<div class=\"cell\">\r\n\t\t\t\t\t\t\t\t\t\t\t\t\t<div class=\"image\" style=\"background-image: url(https:\/\/arresproduction.com\/wp-content\/uploads\/2022\/10\/moi.png);\"><\/div>\r\n\t\t\t\t\t\t\t\t\t\t\t\t\t\t\t<div class=\"sub-h\">Curriculum vitae<\/div>\r\n\t\t\t\t\t\t\t\t\t\t\t<div class=\"heading-decor\"><h3>Je m\u2019appelle Damien SERRA<br \/>\nPassionn\u00e9 par l'image, je r\u00e9alise des vid\u00e9os, photos, Motion design, cr\u00e9ations graphiques ... etc.<\/h3><\/div>\r\n\t\t\t\t\t\t\t\t\t\t\t<div class=\"text-p\">Une vision cr\u00e9ative au service de votre strat\u00e9gie digital, Toujours plus percutant, toujours plus fou\u2026 ou l\u2019art de se plier en quatre pour r\u00e9pondre \u00e0 vos besoins.<\/div>\r\n\t\t\t\t\t\t\t\t      <a href=\"https:\/\/arresproduction.com\/index.php\/mon-curriculum-vitae\/\" class=\"button-style2\"  target=\"_blank\"  rel=\"nofollow\">\r\n        Lire mon Curriculum Vitae       <\/a>\r\n    \t\t\t\t\t<\/div>\r\n\t\t\t\t<\/div>\r\n\t\t\t\t\t\t\t<div class=\"bg-word\">\r\n\t\t\t\t\t\t\t\t\tCV\t\t\t\t\t\t\t<\/div>\r\n\t\t\t\t\t<\/div>\r\n\t\t\t\t\t\t<\/div>\r\n\t\t\t<\/div>\r\n\t\t\t\t\t\t\t\t\t<div class=\"banner-right-buttons widget-elementor\">\r\n\t\t\t\t<div class=\"cell\">\r\n\t\t\t\t\t            <div class=\"button category\">\r\n              <span class=\"h\">Categories<\/span>\r\n              <span class=\"close\">\r\n                <i class=\"basic-ui-icon-cancel\"><\/i>\r\n                                  Fermer                \t\t\t\t\t\t\t<\/span>\r\n\t\t\t\t\t\t<\/div>\r\n\t\t\t\t\t\r\n\t\t\t\t\t              <div class=\"button about\">\r\n                <span class=\"h\">CV<\/span>\r\n                <span class=\"close\"><i class=\"basic-ui-icon-cancel\"><\/i>\r\n                                      Fermer                  \t\t\t\t\t\t\t\t<\/span>\r\n\t\t\t\t\t\t\t<\/div>\r\n\t\t\t\t\t\t          \t\t\t\t<\/div>\r\n\t\t\t<\/div>\r\n\t\t\r\n\t\t\t\t<div class=\"banner banner-items banner-69ddaf7cea8f9 fixed-height arrows-right-bottom pagination-right-bottom\" id=\"banner-69ddaf7cea8fa\">\r\n          <div class=\"swiper\">\r\n            <div class=\"swiper-wrapper\">\r\n                    <div class=\"item swiper-slide item-banner banner-item-69ddaf7ceb499 elementor-repeater-item-ba46e5b tal inherit\">\r\n        <div class=\"bg-image\" style=\"background-image: url(https:\/\/arresproduction.com\/wp-content\/uploads\/2022\/08\/Photo-1.png)\"><\/div>\r\n                  \n    <div class=\"bg-overlay\">\n          <\/div>\n\n                            <div class=\"container\">\r\n          <div class=\"cell bottom\">\r\n\t\t\t\t\t\t\t\t\t\t\t\t\t<div class=\"heading heading-with-num-type2\">\r\n\t\t\t\t\t\t\t\t<div class=\"top\">\r\n\t\t\t\t\t\t\t\t\t<div class=\"num\"><\/div>\r\n\t\t\t\t\t\t\t\t\t\t\t\t\t\t\t\t\t\t\t<div class=\"sub-h\">Photos<\/div>\r\n\t\t\t\t\t\t\t\t\t\t\t\t\t\t\t\t\t<\/div>\r\n\t\t\t\t\t\t\t\t<h2 class=\"h\">\r\n\t\t\t\t\t\t\t\t\tMon Book Photos\t\t\t\t\t\t\t\t<\/h2>\r\n\t\t\t\t\t\t\t<\/div>\r\n\t\t\t\t\t\t\t\t\t\t\t\t\t\t\t\t\t    \t\t\t\t\t\t    <a href=\"https:\/\/arresproduction.com\/index.php\/mon-curriculum-vitae\/\" class=\"button-style2\">\r\n\t\t\t\t\t\t    \t\t\t\t\t\t\t\t    <span>Lire Plus<\/span>\r\n\t\t\t\t\t\t\t<\/a>\r\n\t\t\t\t\t\t\t\t\t\t\t\t\t\t\t\t\t<\/div>\r\n\t\t\t\t<\/div>\r\n\t\t\t<\/div>\r\n\t\t      <div class=\"item swiper-slide item-banner banner-item-69ddaf7ceb60f elementor-repeater-item-655cc59 tal inherit\">\r\n        <div class=\"bg-image\" style=\"background-image: url(https:\/\/arresproduction.com\/wp-content\/uploads\/2022\/08\/Photo-2.png)\"><\/div>\r\n                  \n    <div class=\"bg-overlay\">\n          <\/div>\n\n                            <div class=\"container\">\r\n          <div class=\"cell bottom\">\r\n\t\t\t\t\t\t\t\t\t\t\t\t\t<div class=\"heading heading-with-num-type2\">\r\n\t\t\t\t\t\t\t\t<div class=\"top\">\r\n\t\t\t\t\t\t\t\t\t<div class=\"num\"><\/div>\r\n\t\t\t\t\t\t\t\t\t\t\t\t\t\t\t\t\t\t\t<div class=\"sub-h\">Boutique<\/div>\r\n\t\t\t\t\t\t\t\t\t\t\t\t\t\t\t\t\t<\/div>\r\n\t\t\t\t\t\t\t\t<h2 class=\"h\">\r\n\t\t\t\t\t\t\t\t\tLa Boutique Arres Production\t\t\t\t\t\t\t\t<\/h2>\r\n\t\t\t\t\t\t\t<\/div>\r\n\t\t\t\t\t\t\t\t\t\t\t\t\t\t\t\t\t    \t\t\t\t\t\t    <a href=\"https:\/\/arresproduction.com\/index.php\/boutique\/\" class=\"button-style2\">\r\n\t\t\t\t\t\t    \t\t\t\t\t\t\t\t    <span>Lire plus<\/span>\r\n\t\t\t\t\t\t\t<\/a>\r\n\t\t\t\t\t\t\t\t\t\t\t\t\t\t\t\t\t<\/div>\r\n\t\t\t\t<\/div>\r\n\t\t\t<\/div>\r\n\t\t      <div class=\"item swiper-slide item-banner banner-item-69ddaf7ceb754 elementor-repeater-item-abc0999 tal inherit\">\r\n        <div class=\"bg-image\" style=\"background-image: url(https:\/\/arresproduction.com\/wp-content\/uploads\/2022\/10\/IMG_047.png)\"><\/div>\r\n                  \n    <div class=\"bg-overlay\">\n          <\/div>\n\n                            <div class=\"container\">\r\n          <div class=\"cell bottom\">\r\n\t\t\t\t\t\t\t\t\t\t\t\t\t<div class=\"heading heading-with-num-type2\">\r\n\t\t\t\t\t\t\t\t<div class=\"top\">\r\n\t\t\t\t\t\t\t\t\t<div class=\"num\"><\/div>\r\n\t\t\t\t\t\t\t\t\t\t\t\t\t\t\t\t\t\t\t<div class=\"sub-h\">Video<\/div>\r\n\t\t\t\t\t\t\t\t\t\t\t\t\t\t\t\t\t<\/div>\r\n\t\t\t\t\t\t\t\t<h2 class=\"h\">\r\n\t\t\t\t\t\t\t\t\tMon Book Vid\u00e9os\t\t\t\t\t\t\t\t<\/h2>\r\n\t\t\t\t\t\t\t<\/div>\r\n\t\t\t\t\t\t\t\t\t\t\t\t\t\t\t\t\t    \t\t\t\t\t\t    <a href=\"https:\/\/arresproduction.com\/index.php\/mon-curriculum-vitae\/\" class=\"button-style2\">\r\n\t\t\t\t\t\t    \t\t\t\t\t\t\t\t    <span>Lire plus<\/span>\r\n\t\t\t\t\t\t\t<\/a>\r\n\t\t\t\t\t\t\t\t\t\t\t\t\t\t\t\t\t<\/div>\r\n\t\t\t\t<\/div>\r\n\t\t\t<\/div>\r\n\t\t            <\/div>\r\n          <\/div>\r\n          \r\n          <div class=\"owl-nav\"><div class=\"owl-prev basic-ui-icon-left-arrow\"><\/div><div class=\"owl-next basic-ui-icon-right-arrow\"><\/div><\/div>\r\n          <div class=\"owl-dots\"><\/div>          \r\n\t\t\t\t<\/div>\r\n\r\n\t\t\t<\/div>\r\n\t\t\t\t\t\t<\/div>\n\t\t\t\t<\/div>\n\t\t\t\t\t<\/div>\n\t\t<\/div>\n\t\t\t\t\t<\/div>\n\t\t<\/section>\n\t\t\t\t<\/div>\n\t\t","protected":false},"excerpt":{"rendered":"<p>facebook tiktok instagram Photo Vid\u00e9o Contact Boutique Curriculum vitae Je m\u2019appelle Damien SERRA Passionn\u00e9 par l&#8217;image, je r\u00e9alise des vid\u00e9os, photos, Motion design, cr\u00e9ations graphiques &#8230; etc. Une vision cr\u00e9ative au service de votre strat\u00e9gie digital, Toujours plus percutant, toujours plus fou\u2026 ou l\u2019art de se plier en quatre pour r\u00e9pondre \u00e0 vos besoins. Lire [&hellip;]<\/p>\n","protected":false},"author":1,"featured_media":3710,"parent":0,"menu_order":0,"comment_status":"closed","ping_status":"closed","template":"template-landing.php","meta":{"_acf_changed":false,"footnotes":""},"class_list":["post-3714","page","type-page","status-publish","has-post-thumbnail","hentry"],"acf":[],"yoast_head":"<!-- This site is optimized with the Yoast SEO plugin v27.1.1 - https:\/\/yoast.com\/product\/yoast-seo-wordpress\/ -->\n<title>Arres production - Arres Production<\/title>\n<meta name=\"robots\" content=\"index, follow, max-snippet:-1, max-image-preview:large, max-video-preview:-1\" \/>\n<link rel=\"canonical\" href=\"https:\/\/arresproduction.com\/\" \/>\n<meta property=\"og:locale\" content=\"fr_FR\" \/>\n<meta property=\"og:type\" content=\"article\" \/>\n<meta property=\"og:title\" content=\"Arres production - Arres Production\" \/>\n<meta property=\"og:description\" content=\"facebook tiktok instagram Photo Vid\u00e9o Contact Boutique Curriculum vitae Je m\u2019appelle Damien SERRA Passionn\u00e9 par l&#8217;image, je r\u00e9alise des vid\u00e9os, photos, Motion design, cr\u00e9ations graphiques &#8230; etc. Une vision cr\u00e9ative au service de votre strat\u00e9gie digital, Toujours plus percutant, toujours plus fou\u2026 ou l\u2019art de se plier en quatre pour r\u00e9pondre \u00e0 vos besoins. Lire [&hellip;]\" \/>\n<meta property=\"og:url\" content=\"https:\/\/arresproduction.com\/\" \/>\n<meta property=\"og:site_name\" content=\"Arres Production\" \/>\n<meta property=\"article:publisher\" content=\"https:\/\/www.facebook.com\/Arresproduction\" \/>\n<meta property=\"article:modified_time\" content=\"2025-05-07T21:57:56+00:00\" \/>\n<meta property=\"og:image\" content=\"https:\/\/arresproduction.com\/wp-content\/uploads\/2022\/10\/BACK-GROUND.png\" \/>\n\t<meta property=\"og:image:width\" content=\"2448\" \/>\n\t<meta property=\"og:image:height\" content=\"1242\" \/>\n\t<meta property=\"og:image:type\" content=\"image\/png\" \/>\n<meta name=\"twitter:card\" content=\"summary_large_image\" \/>\n<meta name=\"twitter:label1\" content=\"Dur\u00e9e de lecture estim\u00e9e\" \/>\n\t<meta name=\"twitter:data1\" content=\"1 minute\" \/>\n<script type=\"application\/ld+json\" class=\"yoast-schema-graph\">{\"@context\":\"https:\/\/schema.org\",\"@graph\":[{\"@type\":\"WebPage\",\"@id\":\"https:\/\/arresproduction.com\/\",\"url\":\"https:\/\/arresproduction.com\/\",\"name\":\"Arres production - Arres Production\",\"isPartOf\":{\"@id\":\"https:\/\/arresproduction.com\/#website\"},\"primaryImageOfPage\":{\"@id\":\"https:\/\/arresproduction.com\/#primaryimage\"},\"image\":{\"@id\":\"https:\/\/arresproduction.com\/#primaryimage\"},\"thumbnailUrl\":\"https:\/\/arresproduction.com\/wp-content\/uploads\/2022\/10\/BACK-GROUND.png\",\"datePublished\":\"2021-06-07T07:18:10+00:00\",\"dateModified\":\"2025-05-07T21:57:56+00:00\",\"breadcrumb\":{\"@id\":\"https:\/\/arresproduction.com\/#breadcrumb\"},\"inLanguage\":\"fr-FR\",\"potentialAction\":[{\"@type\":\"ReadAction\",\"target\":[\"https:\/\/arresproduction.com\/\"]}]},{\"@type\":\"ImageObject\",\"inLanguage\":\"fr-FR\",\"@id\":\"https:\/\/arresproduction.com\/#primaryimage\",\"url\":\"https:\/\/arresproduction.com\/wp-content\/uploads\/2022\/10\/BACK-GROUND.png\",\"contentUrl\":\"https:\/\/arresproduction.com\/wp-content\/uploads\/2022\/10\/BACK-GROUND.png\",\"width\":2448,\"height\":1242},{\"@type\":\"BreadcrumbList\",\"@id\":\"https:\/\/arresproduction.com\/#breadcrumb\",\"itemListElement\":[{\"@type\":\"ListItem\",\"position\":1,\"name\":\"Accueil\",\"item\":\"https:\/\/arresproduction.com\/\"},{\"@type\":\"ListItem\",\"position\":2,\"name\":\"Arres production\"}]},{\"@type\":\"WebSite\",\"@id\":\"https:\/\/arresproduction.com\/#website\",\"url\":\"https:\/\/arresproduction.com\/\",\"name\":\"Arres Production\",\"description\":\"La soci\u00e9t\u00e9 Arres Production \u00e0 votre service\",\"potentialAction\":[{\"@type\":\"SearchAction\",\"target\":{\"@type\":\"EntryPoint\",\"urlTemplate\":\"https:\/\/arresproduction.com\/?s={search_term_string}\"},\"query-input\":{\"@type\":\"PropertyValueSpecification\",\"valueRequired\":true,\"valueName\":\"search_term_string\"}}],\"inLanguage\":\"fr-FR\"}]}<\/script>\n<!-- \/ Yoast SEO plugin. -->","yoast_head_json":{"title":"Arres production - Arres Production","robots":{"index":"index","follow":"follow","max-snippet":"max-snippet:-1","max-image-preview":"max-image-preview:large","max-video-preview":"max-video-preview:-1"},"canonical":"https:\/\/arresproduction.com\/","og_locale":"fr_FR","og_type":"article","og_title":"Arres production - Arres Production","og_description":"facebook tiktok instagram Photo Vid\u00e9o Contact Boutique Curriculum vitae Je m\u2019appelle Damien SERRA Passionn\u00e9 par l&#8217;image, je r\u00e9alise des vid\u00e9os, photos, Motion design, cr\u00e9ations graphiques &#8230; etc. Une vision cr\u00e9ative au service de votre strat\u00e9gie digital, Toujours plus percutant, toujours plus fou\u2026 ou l\u2019art de se plier en quatre pour r\u00e9pondre \u00e0 vos besoins. Lire [&hellip;]","og_url":"https:\/\/arresproduction.com\/","og_site_name":"Arres Production","article_publisher":"https:\/\/www.facebook.com\/Arresproduction","article_modified_time":"2025-05-07T21:57:56+00:00","og_image":[{"width":2448,"height":1242,"url":"https:\/\/arresproduction.com\/wp-content\/uploads\/2022\/10\/BACK-GROUND.png","type":"image\/png"}],"twitter_card":"summary_large_image","twitter_misc":{"Dur\u00e9e de lecture estim\u00e9e":"1 minute"},"schema":{"@context":"https:\/\/schema.org","@graph":[{"@type":"WebPage","@id":"https:\/\/arresproduction.com\/","url":"https:\/\/arresproduction.com\/","name":"Arres production - Arres Production","isPartOf":{"@id":"https:\/\/arresproduction.com\/#website"},"primaryImageOfPage":{"@id":"https:\/\/arresproduction.com\/#primaryimage"},"image":{"@id":"https:\/\/arresproduction.com\/#primaryimage"},"thumbnailUrl":"https:\/\/arresproduction.com\/wp-content\/uploads\/2022\/10\/BACK-GROUND.png","datePublished":"2021-06-07T07:18:10+00:00","dateModified":"2025-05-07T21:57:56+00:00","breadcrumb":{"@id":"https:\/\/arresproduction.com\/#breadcrumb"},"inLanguage":"fr-FR","potentialAction":[{"@type":"ReadAction","target":["https:\/\/arresproduction.com\/"]}]},{"@type":"ImageObject","inLanguage":"fr-FR","@id":"https:\/\/arresproduction.com\/#primaryimage","url":"https:\/\/arresproduction.com\/wp-content\/uploads\/2022\/10\/BACK-GROUND.png","contentUrl":"https:\/\/arresproduction.com\/wp-content\/uploads\/2022\/10\/BACK-GROUND.png","width":2448,"height":1242},{"@type":"BreadcrumbList","@id":"https:\/\/arresproduction.com\/#breadcrumb","itemListElement":[{"@type":"ListItem","position":1,"name":"Accueil","item":"https:\/\/arresproduction.com\/"},{"@type":"ListItem","position":2,"name":"Arres production"}]},{"@type":"WebSite","@id":"https:\/\/arresproduction.com\/#website","url":"https:\/\/arresproduction.com\/","name":"Arres Production","description":"La soci\u00e9t\u00e9 Arres Production \u00e0 votre service","potentialAction":[{"@type":"SearchAction","target":{"@type":"EntryPoint","urlTemplate":"https:\/\/arresproduction.com\/?s={search_term_string}"},"query-input":{"@type":"PropertyValueSpecification","valueRequired":true,"valueName":"search_term_string"}}],"inLanguage":"fr-FR"}]}},"_links":{"self":[{"href":"https:\/\/arresproduction.com\/index.php\/wp-json\/wp\/v2\/pages\/3714","targetHints":{"allow":["GET"]}}],"collection":[{"href":"https:\/\/arresproduction.com\/index.php\/wp-json\/wp\/v2\/pages"}],"about":[{"href":"https:\/\/arresproduction.com\/index.php\/wp-json\/wp\/v2\/types\/page"}],"author":[{"embeddable":true,"href":"https:\/\/arresproduction.com\/index.php\/wp-json\/wp\/v2\/users\/1"}],"replies":[{"embeddable":true,"href":"https:\/\/arresproduction.com\/index.php\/wp-json\/wp\/v2\/comments?post=3714"}],"version-history":[{"count":41,"href":"https:\/\/arresproduction.com\/index.php\/wp-json\/wp\/v2\/pages\/3714\/revisions"}],"predecessor-version":[{"id":4510,"href":"https:\/\/arresproduction.com\/index.php\/wp-json\/wp\/v2\/pages\/3714\/revisions\/4510"}],"wp:featuredmedia":[{"embeddable":true,"href":"https:\/\/arresproduction.com\/index.php\/wp-json\/wp\/v2\/media\/3710"}],"wp:attachment":[{"href":"https:\/\/arresproduction.com\/index.php\/wp-json\/wp\/v2\/media?parent=3714"}],"curies":[{"name":"wp","href":"https:\/\/api.w.org\/{rel}","templated":true}]}}