{"id":2876,"date":"2023-01-29T13:30:18","date_gmt":"2023-01-29T12:30:18","guid":{"rendered":"https:\/\/arresproduction.com\/index.php\/before-after-slider\/"},"modified":"2024-02-04T22:58:28","modified_gmt":"2024-02-04T21:58:28","slug":"luts-free-download","status":"publish","type":"page","link":"https:\/\/arresproduction.com\/index.php\/luts-free-download\/","title":{"rendered":"LUTS"},"content":{"rendered":"\t\t<div data-elementor-type=\"wp-page\" data-elementor-id=\"2876\" class=\"elementor elementor-2876\" data-elementor-post-type=\"page\">\n\t\t\t\t\t\t<section class=\"elementor-section elementor-top-section elementor-element elementor-element-c4a7093 elementor-section-boxed elementor-section-height-default elementor-section-height-default\" data-id=\"c4a7093\" data-element_type=\"section\" data-settings=\"{&quot;ekit_has_onepagescroll_dot&quot;:&quot;yes&quot;}\">\n\t\t\t\t\t\t<div class=\"elementor-container elementor-column-gap-default\">\n\t\t\t\t\t<div class=\"elementor-column elementor-col-100 elementor-top-column elementor-element elementor-element-27b446c\" data-id=\"27b446c\" data-element_type=\"column\">\n\t\t\t<div class=\"elementor-widget-wrap elementor-element-populated\">\n\t\t\t\t\t\t<div class=\"elementor-element elementor-element-29a9d68 elementor-widget elementor-widget-heading\" data-id=\"29a9d68\" data-element_type=\"widget\" data-settings=\"{&quot;ekit_we_effect_on&quot;:&quot;none&quot;}\" data-widget_type=\"heading.default\">\n\t\t\t\t<div class=\"elementor-widget-container\">\n\t\t\t\t\t<h2 class=\"elementor-heading-title elementor-size-default\">Avant \/ Apr\u00e8s<\/h2>\t\t\t\t<\/div>\n\t\t\t\t<\/div>\n\t\t\t\t<div class=\"elementor-element elementor-element-93919ae elementor-widget elementor-widget-yprm_image_comparison_slider\" data-id=\"93919ae\" data-element_type=\"widget\" data-settings=\"{&quot;ekit_we_effect_on&quot;:&quot;none&quot;}\" data-widget_type=\"yprm_image_comparison_slider.default\">\n\t\t\t\t<div class=\"elementor-widget-container\">\n\t\t\t\t\t\n\t\t\t<div id=\"image-comparison-slider-93919ae\" class=\"image-comparison-slider image-comparison-slider-93919ae\">\n\t\t\t\t<div class=\"new\">\n\t\t            <img fetchpriority=\"high\" decoding=\"async\" width=\"2730\" height=\"1540\" src=\"https:\/\/arresproduction.com\/wp-content\/uploads\/2023\/01\/AVANT-APRES-1.png\" class=\"attachment-full size-full wp-image-4014\" alt=\"\" srcset=\"https:\/\/arresproduction.com\/wp-content\/uploads\/2023\/01\/AVANT-APRES-1.png 2730w, https:\/\/arresproduction.com\/wp-content\/uploads\/2023\/01\/AVANT-APRES-1-300x169.png 300w, https:\/\/arresproduction.com\/wp-content\/uploads\/2023\/01\/AVANT-APRES-1-1024x578.png 1024w, https:\/\/arresproduction.com\/wp-content\/uploads\/2023\/01\/AVANT-APRES-1-768x433.png 768w, https:\/\/arresproduction.com\/wp-content\/uploads\/2023\/01\/AVANT-APRES-1-1536x866.png 1536w, https:\/\/arresproduction.com\/wp-content\/uploads\/2023\/01\/AVANT-APRES-1-2048x1155.png 2048w, https:\/\/arresproduction.com\/wp-content\/uploads\/2023\/01\/AVANT-APRES-1-70x39.png 70w, https:\/\/arresproduction.com\/wp-content\/uploads\/2023\/01\/AVANT-APRES-1-1320x745.png 1320w, https:\/\/arresproduction.com\/wp-content\/uploads\/2023\/01\/AVANT-APRES-1-600x338.png 600w\" sizes=\"(max-width: 2730px) 100vw, 2730px\" \/>\t\t        <\/div>\n\n\t\t        <div class=\"resize\">\n\t\t        \t<div class=\"old\">\n\t            \t\t<img decoding=\"async\" width=\"2730\" height=\"1540\" src=\"https:\/\/arresproduction.com\/wp-content\/uploads\/2023\/01\/AVANT-APRES-.png\" class=\"attachment-full size-full wp-image-4015\" alt=\"\" srcset=\"https:\/\/arresproduction.com\/wp-content\/uploads\/2023\/01\/AVANT-APRES-.png 2730w, https:\/\/arresproduction.com\/wp-content\/uploads\/2023\/01\/AVANT-APRES--300x169.png 300w, https:\/\/arresproduction.com\/wp-content\/uploads\/2023\/01\/AVANT-APRES--1024x578.png 1024w, https:\/\/arresproduction.com\/wp-content\/uploads\/2023\/01\/AVANT-APRES--768x433.png 768w, https:\/\/arresproduction.com\/wp-content\/uploads\/2023\/01\/AVANT-APRES--1536x866.png 1536w, https:\/\/arresproduction.com\/wp-content\/uploads\/2023\/01\/AVANT-APRES--2048x1155.png 2048w, https:\/\/arresproduction.com\/wp-content\/uploads\/2023\/01\/AVANT-APRES--70x39.png 70w, https:\/\/arresproduction.com\/wp-content\/uploads\/2023\/01\/AVANT-APRES--1320x745.png 1320w, https:\/\/arresproduction.com\/wp-content\/uploads\/2023\/01\/AVANT-APRES--600x338.png 600w\" sizes=\"(max-width: 2730px) 100vw, 2730px\" \/>\t\t\t        <\/div>\n\t\t\t    <\/div>\n\n\t\t\t    <div class=\"line\"><\/div>\n\t        <\/div>\n\t\t\t\t\t\t<\/div>\n\t\t\t\t<\/div>\n\t\t\t\t<div class=\"elementor-element elementor-element-a68f94b elementor-widget-divider--view-line elementor-widget elementor-widget-divider\" data-id=\"a68f94b\" data-element_type=\"widget\" data-settings=\"{&quot;ekit_we_effect_on&quot;:&quot;none&quot;}\" data-widget_type=\"divider.default\">\n\t\t\t\t<div class=\"elementor-widget-container\">\n\t\t\t\t\t\t\t<div class=\"elementor-divider\">\n\t\t\t<span class=\"elementor-divider-separator\">\n\t\t\t\t\t\t<\/span>\n\t\t<\/div>\n\t\t\t\t\t\t<\/div>\n\t\t\t\t<\/div>\n\t\t\t\t<div class=\"elementor-element elementor-element-6394001 elementor-align-center elementor-widget elementor-widget-button\" data-id=\"6394001\" data-element_type=\"widget\" data-settings=\"{&quot;ekit_we_effect_on&quot;:&quot;none&quot;}\" data-widget_type=\"button.default\">\n\t\t\t\t<div class=\"elementor-widget-container\">\n\t\t\t\t\t\t\t\t\t<div class=\"elementor-button-wrapper\">\n\t\t\t\t\t<a class=\"elementor-button elementor-button-link elementor-size-lg\" href=\"https:\/\/drive.google.com\/file\/d\/1nA2EHR2Q_i5O-EtYsAZ5zc-NtDPRXvFa\/view?usp=sharing\">\n\t\t\t\t\t\t<span class=\"elementor-button-content-wrapper\">\n\t\t\t\t\t\t<span class=\"elementor-button-icon\">\n\t\t\t\t<i aria-hidden=\"true\" class=\"multimedia-icon multimedia-icon-download\"><\/i>\t\t\t<\/span>\n\t\t\t\t\t\t\t\t\t<span class=\"elementor-button-text\">T\u00e9l\u00e9charger Gratuitement <\/span>\n\t\t\t\t\t<\/span>\n\t\t\t\t\t<\/a>\n\t\t\t\t<\/div>\n\t\t\t\t\t\t\t\t<\/div>\n\t\t\t\t<\/div>\n\t\t\t\t\t<\/div>\n\t\t<\/div>\n\t\t\t\t\t<\/div>\n\t\t<\/section>\n\t\t\t\t<\/div>\n\t\t","protected":false},"excerpt":{"rendered":"<p>Avant \/ Apr\u00e8s T\u00e9l\u00e9charger Gratuitement<\/p>\n","protected":false},"author":1,"featured_media":0,"parent":0,"menu_order":0,"comment_status":"closed","ping_status":"closed","template":"template-landing.php","meta":{"_acf_changed":false,"footnotes":""},"class_list":["post-2876","page","type-page","status-publish","hentry"],"acf":[],"yoast_head":"<!-- This site is optimized with the Yoast SEO plugin v27.1.1 - https:\/\/yoast.com\/product\/yoast-seo-wordpress\/ -->\n<title>LUTS - Arres Production<\/title>\n<meta name=\"robots\" content=\"index, follow, max-snippet:-1, max-image-preview:large, max-video-preview:-1\" \/>\n<link rel=\"canonical\" href=\"https:\/\/arresproduction.com\/index.php\/luts-free-download\/\" \/>\n<meta property=\"og:locale\" content=\"fr_FR\" \/>\n<meta property=\"og:type\" content=\"article\" \/>\n<meta property=\"og:title\" content=\"LUTS - Arres Production\" \/>\n<meta property=\"og:description\" content=\"Avant \/ Apr\u00e8s T\u00e9l\u00e9charger Gratuitement\" \/>\n<meta property=\"og:url\" content=\"https:\/\/arresproduction.com\/index.php\/luts-free-download\/\" \/>\n<meta property=\"og:site_name\" content=\"Arres Production\" \/>\n<meta property=\"article:publisher\" content=\"https:\/\/www.facebook.com\/Arresproduction\" \/>\n<meta property=\"article:modified_time\" content=\"2024-02-04T21:58:28+00:00\" \/>\n<meta property=\"og:image\" content=\"http:\/\/arresproduction.com\/wp-content\/uploads\/2023\/01\/AVANT-APRES-1.png\" \/>\n<meta name=\"twitter:card\" content=\"summary_large_image\" \/>\n<meta name=\"twitter:label1\" content=\"Dur\u00e9e de lecture estim\u00e9e\" \/>\n\t<meta name=\"twitter:data1\" content=\"1 minute\" \/>\n<script type=\"application\/ld+json\" class=\"yoast-schema-graph\">{\"@context\":\"https:\/\/schema.org\",\"@graph\":[{\"@type\":\"WebPage\",\"@id\":\"https:\/\/arresproduction.com\/index.php\/luts-free-download\/\",\"url\":\"https:\/\/arresproduction.com\/index.php\/luts-free-download\/\",\"name\":\"LUTS - Arres Production\",\"isPartOf\":{\"@id\":\"https:\/\/arresproduction.com\/#website\"},\"primaryImageOfPage\":{\"@id\":\"https:\/\/arresproduction.com\/index.php\/luts-free-download\/#primaryimage\"},\"image\":{\"@id\":\"https:\/\/arresproduction.com\/index.php\/luts-free-download\/#primaryimage\"},\"thumbnailUrl\":\"http:\/\/arresproduction.com\/wp-content\/uploads\/2023\/01\/AVANT-APRES-1.png\",\"datePublished\":\"2023-01-29T12:30:18+00:00\",\"dateModified\":\"2024-02-04T21:58:28+00:00\",\"breadcrumb\":{\"@id\":\"https:\/\/arresproduction.com\/index.php\/luts-free-download\/#breadcrumb\"},\"inLanguage\":\"fr-FR\",\"potentialAction\":[{\"@type\":\"ReadAction\",\"target\":[\"https:\/\/arresproduction.com\/index.php\/luts-free-download\/\"]}]},{\"@type\":\"ImageObject\",\"inLanguage\":\"fr-FR\",\"@id\":\"https:\/\/arresproduction.com\/index.php\/luts-free-download\/#primaryimage\",\"url\":\"http:\/\/arresproduction.com\/wp-content\/uploads\/2023\/01\/AVANT-APRES-1.png\",\"contentUrl\":\"http:\/\/arresproduction.com\/wp-content\/uploads\/2023\/01\/AVANT-APRES-1.png\"},{\"@type\":\"BreadcrumbList\",\"@id\":\"https:\/\/arresproduction.com\/index.php\/luts-free-download\/#breadcrumb\",\"itemListElement\":[{\"@type\":\"ListItem\",\"position\":1,\"name\":\"Accueil\",\"item\":\"https:\/\/arresproduction.com\/\"},{\"@type\":\"ListItem\",\"position\":2,\"name\":\"LUTS\"}]},{\"@type\":\"WebSite\",\"@id\":\"https:\/\/arresproduction.com\/#website\",\"url\":\"https:\/\/arresproduction.com\/\",\"name\":\"Arres Production\",\"description\":\"La soci\u00e9t\u00e9 Arres Production \u00e0 votre service\",\"potentialAction\":[{\"@type\":\"SearchAction\",\"target\":{\"@type\":\"EntryPoint\",\"urlTemplate\":\"https:\/\/arresproduction.com\/?s={search_term_string}\"},\"query-input\":{\"@type\":\"PropertyValueSpecification\",\"valueRequired\":true,\"valueName\":\"search_term_string\"}}],\"inLanguage\":\"fr-FR\"}]}<\/script>\n<!-- \/ Yoast SEO plugin. -->","yoast_head_json":{"title":"LUTS - Arres Production","robots":{"index":"index","follow":"follow","max-snippet":"max-snippet:-1","max-image-preview":"max-image-preview:large","max-video-preview":"max-video-preview:-1"},"canonical":"https:\/\/arresproduction.com\/index.php\/luts-free-download\/","og_locale":"fr_FR","og_type":"article","og_title":"LUTS - Arres Production","og_description":"Avant \/ Apr\u00e8s T\u00e9l\u00e9charger Gratuitement","og_url":"https:\/\/arresproduction.com\/index.php\/luts-free-download\/","og_site_name":"Arres Production","article_publisher":"https:\/\/www.facebook.com\/Arresproduction","article_modified_time":"2024-02-04T21:58:28+00:00","og_image":[{"url":"http:\/\/arresproduction.com\/wp-content\/uploads\/2023\/01\/AVANT-APRES-1.png","type":"","width":"","height":""}],"twitter_card":"summary_large_image","twitter_misc":{"Dur\u00e9e de lecture estim\u00e9e":"1 minute"},"schema":{"@context":"https:\/\/schema.org","@graph":[{"@type":"WebPage","@id":"https:\/\/arresproduction.com\/index.php\/luts-free-download\/","url":"https:\/\/arresproduction.com\/index.php\/luts-free-download\/","name":"LUTS - Arres Production","isPartOf":{"@id":"https:\/\/arresproduction.com\/#website"},"primaryImageOfPage":{"@id":"https:\/\/arresproduction.com\/index.php\/luts-free-download\/#primaryimage"},"image":{"@id":"https:\/\/arresproduction.com\/index.php\/luts-free-download\/#primaryimage"},"thumbnailUrl":"http:\/\/arresproduction.com\/wp-content\/uploads\/2023\/01\/AVANT-APRES-1.png","datePublished":"2023-01-29T12:30:18+00:00","dateModified":"2024-02-04T21:58:28+00:00","breadcrumb":{"@id":"https:\/\/arresproduction.com\/index.php\/luts-free-download\/#breadcrumb"},"inLanguage":"fr-FR","potentialAction":[{"@type":"ReadAction","target":["https:\/\/arresproduction.com\/index.php\/luts-free-download\/"]}]},{"@type":"ImageObject","inLanguage":"fr-FR","@id":"https:\/\/arresproduction.com\/index.php\/luts-free-download\/#primaryimage","url":"http:\/\/arresproduction.com\/wp-content\/uploads\/2023\/01\/AVANT-APRES-1.png","contentUrl":"http:\/\/arresproduction.com\/wp-content\/uploads\/2023\/01\/AVANT-APRES-1.png"},{"@type":"BreadcrumbList","@id":"https:\/\/arresproduction.com\/index.php\/luts-free-download\/#breadcrumb","itemListElement":[{"@type":"ListItem","position":1,"name":"Accueil","item":"https:\/\/arresproduction.com\/"},{"@type":"ListItem","position":2,"name":"LUTS"}]},{"@type":"WebSite","@id":"https:\/\/arresproduction.com\/#website","url":"https:\/\/arresproduction.com\/","name":"Arres Production","description":"La soci\u00e9t\u00e9 Arres Production \u00e0 votre service","potentialAction":[{"@type":"SearchAction","target":{"@type":"EntryPoint","urlTemplate":"https:\/\/arresproduction.com\/?s={search_term_string}"},"query-input":{"@type":"PropertyValueSpecification","valueRequired":true,"valueName":"search_term_string"}}],"inLanguage":"fr-FR"}]}},"_links":{"self":[{"href":"https:\/\/arresproduction.com\/index.php\/wp-json\/wp\/v2\/pages\/2876","targetHints":{"allow":["GET"]}}],"collection":[{"href":"https:\/\/arresproduction.com\/index.php\/wp-json\/wp\/v2\/pages"}],"about":[{"href":"https:\/\/arresproduction.com\/index.php\/wp-json\/wp\/v2\/types\/page"}],"author":[{"embeddable":true,"href":"https:\/\/arresproduction.com\/index.php\/wp-json\/wp\/v2\/users\/1"}],"replies":[{"embeddable":true,"href":"https:\/\/arresproduction.com\/index.php\/wp-json\/wp\/v2\/comments?post=2876"}],"version-history":[{"count":10,"href":"https:\/\/arresproduction.com\/index.php\/wp-json\/wp\/v2\/pages\/2876\/revisions"}],"predecessor-version":[{"id":4308,"href":"https:\/\/arresproduction.com\/index.php\/wp-json\/wp\/v2\/pages\/2876\/revisions\/4308"}],"wp:attachment":[{"href":"https:\/\/arresproduction.com\/index.php\/wp-json\/wp\/v2\/media?parent=2876"}],"curies":[{"name":"wp","href":"https:\/\/api.w.org\/{rel}","templated":true}]}}