{"id":2380,"date":"2021-06-11T07:33:12","date_gmt":"2021-06-11T07:33:12","guid":{"rendered":"https:\/\/promo-theme.com\/novo\/?page_id=2380"},"modified":"2025-10-23T10:35:22","modified_gmt":"2025-10-23T08:35:22","slug":"contacts-elementor","status":"publish","type":"page","link":"https:\/\/arresproduction.com\/index.php\/contacts-elementor\/","title":{"rendered":"Contacts"},"content":{"rendered":"\t\t<div data-elementor-type=\"wp-page\" data-elementor-id=\"2380\" class=\"elementor elementor-2380\" data-elementor-post-type=\"page\">\n\t\t\t\t\t\t<section class=\"elementor-section elementor-top-section elementor-element elementor-element-cc3bfe4 elementor-section-boxed elementor-section-height-default elementor-section-height-default\" data-id=\"cc3bfe4\" data-element_type=\"section\" data-settings=\"{&quot;ekit_has_onepagescroll_dot&quot;:&quot;yes&quot;}\">\n\t\t\t\t\t\t<div class=\"elementor-container elementor-column-gap-default\">\n\t\t\t\t\t<div class=\"elementor-column elementor-col-100 elementor-top-column elementor-element elementor-element-c52541e\" data-id=\"c52541e\" data-element_type=\"column\">\n\t\t\t<div class=\"elementor-widget-wrap elementor-element-populated\">\n\t\t\t\t\t\t<div class=\"elementor-element elementor-element-49a0f08 elementor-widget elementor-widget-yprm_heading\" data-id=\"49a0f08\" data-element_type=\"widget\" data-settings=\"{&quot;ekit_we_effect_on&quot;:&quot;none&quot;}\" data-widget_type=\"yprm_heading.default\">\n\t\t\t\t<div class=\"elementor-widget-container\">\n\t\t\t\t\t\t\t\t<div class=\"heading-block tac\">\n\t\t\t\t                  <h2 class=\"h\">Contacts<\/h2>\n        \t\t\t<\/div>\n      \t\t\t\t\t\t<\/div>\n\t\t\t\t<\/div>\n\t\t\t\t<div class=\"elementor-element elementor-element-8bd4100 elementor-widget elementor-widget-yprm_icon_box\" data-id=\"8bd4100\" data-element_type=\"widget\" data-settings=\"{&quot;cols_xs&quot;:1,&quot;cols_md&quot;:3,&quot;ekit_we_effect_on&quot;:&quot;none&quot;}\" data-widget_type=\"yprm_icon_box.default\">\n\t\t\t\t<div class=\"elementor-widget-container\">\n\t\t\t\t\t\t\t\t<div class=\"icon-box-block icon-box-style3\">\r\n\t\t\t\t<div class=\"row\">\r\n\t\t\t\t\t\t\t\t<div class=\"col-12 col-md-4\">\r\n\t\t\t\t<div class=\"icon-box\">\r\n\t\t\t\t\t\t\t\t<div class=\"icon\">\r\n\t\t\t\t<i class=\"multimedia-icon multimedia-icon-smartphone multimedia\" aria-hidden=\"true\"><\/i>\t\t\t<\/div>\r\n\t\t                                  \t\t\t<div class=\"desc\"> 7 66 73 08 89<\/div>\r\n\t\t                    \t\t\t\t<\/div>\r\n\t\t\t<\/div>\r\n\t\t\t\t\t<div class=\"col-12 col-md-4\">\r\n\t\t\t\t<div class=\"icon-box\">\r\n\t\t\t\t\t\t\t\t<div class=\"icon\">\r\n\t\t\t\t<i class=\"multimedia-icon multimedia-icon-envelope multimedia\" aria-hidden=\"true true\"><\/i>\t\t\t<\/div>\r\n\t\t                                  \t\t\t<div class=\"desc\">-Contact@arresproduction.com<\/div>\r\n\t\t                    \t\t\t\t<\/div>\r\n\t\t\t<\/div>\r\n\t\t\t\t\t<div class=\"col-12 col-md-4\">\r\n\t\t\t\t<div class=\"icon-box\">\r\n\t\t\t\t\t\t\t\t<div class=\"icon\">\r\n\t\t\t\t<i class=\"multimedia-icon multimedia-icon-placeholder multimedia\" aria-hidden=\"true true true\"><\/i>\t\t\t<\/div>\r\n\t\t                                  \t\t\t<div class=\"desc\">Perpignan, Pyr\u00e9n\u00e9es-orientale (66)<\/div>\r\n\t\t                    \t\t\t\t<\/div>\r\n\t\t\t<\/div>\r\n\t\t\t\t\t\t<\/div>\r\n\t\t\t<\/div>\r\n\t\t\t\t\t\t<\/div>\n\t\t\t\t<\/div>\n\t\t\t\t<div class=\"elementor-element elementor-element-3f68353 elementor-widget elementor-widget-text-editor\" data-id=\"3f68353\" data-element_type=\"widget\" data-settings=\"{&quot;ekit_we_effect_on&quot;:&quot;none&quot;}\" data-widget_type=\"text-editor.default\">\n\t\t\t\t<div class=\"elementor-widget-container\">\n\t\t\t\t\t\t\t\t\t<p style=\"text-align: center;\">Mes contenus s&#8217;inspirent de la lumi\u00e8re, de la couleur, des techniques de traitement noir et blanc, des contenus vintage, de la perspective cr\u00e9ative.<\/p>\t\t\t\t\t\t\t\t<\/div>\n\t\t\t\t<\/div>\n\t\t\t\t<div class=\"elementor-element elementor-element-029dba3 elementor-widget elementor-widget-yprm_heading\" data-id=\"029dba3\" data-element_type=\"widget\" data-settings=\"{&quot;ekit_we_effect_on&quot;:&quot;none&quot;}\" data-widget_type=\"yprm_heading.default\">\n\t\t\t\t<div class=\"elementor-widget-container\">\n\t\t\t\t\t\t\t\t<div class=\"heading-block tac\">\n\t\t\t\t                  <h3 class=\"h\">Nous envoyer<\/h3>\n        \t\t\t<\/div>\n      \t\t\t\t\t\t<\/div>\n\t\t\t\t<\/div>\n\t\t\t\t<div class=\"elementor-element elementor-element-07a0fc5 elementor-widget elementor-widget-shortcode\" data-id=\"07a0fc5\" data-element_type=\"widget\" data-settings=\"{&quot;ekit_we_effect_on&quot;:&quot;none&quot;}\" data-widget_type=\"shortcode.default\">\n\t\t\t\t<div class=\"elementor-widget-container\">\n\t\t\t\t\t\t\t<div class=\"elementor-shortcode\">\n<div class=\"wpcf7 no-js\" id=\"wpcf7-f1425-o1\" lang=\"en-US\" dir=\"ltr\" data-wpcf7-id=\"1425\">\n<div class=\"screen-reader-response\"><p role=\"status\" aria-live=\"polite\" aria-atomic=\"true\"><\/p> <ul><\/ul><\/div>\n<form action=\"\/index.php\/wp-json\/wp\/v2\/pages\/2380#wpcf7-f1425-o1\" method=\"post\" class=\"wpcf7-form init\" aria-label=\"Contact form\" novalidate=\"novalidate\" data-status=\"init\">\n<fieldset class=\"hidden-fields-container\"><input type=\"hidden\" name=\"_wpcf7\" value=\"1425\" \/><input type=\"hidden\" name=\"_wpcf7_version\" value=\"6.1.5\" \/><input type=\"hidden\" name=\"_wpcf7_locale\" value=\"en_US\" \/><input type=\"hidden\" name=\"_wpcf7_unit_tag\" value=\"wpcf7-f1425-o1\" \/><input type=\"hidden\" name=\"_wpcf7_container_post\" value=\"0\" \/><input type=\"hidden\" name=\"_wpcf7_posted_data_hash\" value=\"\" \/><input type=\"hidden\" name=\"_wpcf7_recaptcha_response\" value=\"\" \/>\n<\/fieldset>\n<div class=\"contact-form row\">\n  <div class=\"col-12 col-sm-6\"><span class=\"wpcf7-form-control-wrap\" data-name=\"f-name\"><input size=\"40\" maxlength=\"400\" class=\"wpcf7-form-control wpcf7-text wpcf7-validates-as-required style4\" aria-required=\"true\" aria-invalid=\"false\" placeholder=\"Entrer votre Nom...\" value=\"\" type=\"text\" name=\"f-name\" \/><\/span><\/div>\n  <div class=\"col-12 col-sm-6\"><span class=\"wpcf7-form-control-wrap\" data-name=\"f-mail\"><input size=\"40\" maxlength=\"400\" class=\"wpcf7-form-control wpcf7-text wpcf7-validates-as-required style4\" aria-required=\"true\" aria-invalid=\"false\" placeholder=\"Entrer votre E-Mail...\" value=\"\" type=\"text\" name=\"f-mail\" \/><\/span><\/div>\n  <div class=\"col-12\"><span class=\"wpcf7-form-control-wrap\" data-name=\"f-message\"><textarea cols=\"40\" rows=\"4\" maxlength=\"2000\" class=\"wpcf7-form-control wpcf7-textarea style4\" aria-invalid=\"false\" placeholder=\"Entrer votre message...\" name=\"f-message\"><\/textarea><\/span><\/div>\n<span class=\"wpcf7-form-control-wrap\" data-name=\"acceptance-761\"><span class=\"wpcf7-form-control wpcf7-acceptance optional\"><span class=\"wpcf7-list-item\"><label><input type=\"checkbox\" name=\"acceptance-761\" value=\"1\" aria-invalid=\"false\" \/><span class=\"wpcf7-list-item-label\">Je ne suis pas un robot<\/span><\/label><\/span><\/span><\/span>\n  <div class=\"col-12\"><button type=\"submit\" class=\"button-style2\">Envoyer<\/button><\/div>\n<\/div><div class=\"wpcf7-response-output\" aria-hidden=\"true\"><\/div>\n<\/form>\n<\/div>\n<\/div>\n\t\t\t\t\t\t<\/div>\n\t\t\t\t<\/div>\n\t\t\t\t\t<\/div>\n\t\t<\/div>\n\t\t\t\t\t<\/div>\n\t\t<\/section>\n\t\t\t\t<section class=\"elementor-section elementor-top-section elementor-element elementor-element-19eba30 elementor-section-boxed elementor-section-height-default elementor-section-height-default\" data-id=\"19eba30\" data-element_type=\"section\" data-settings=\"{&quot;ekit_has_onepagescroll_dot&quot;:&quot;yes&quot;}\">\n\t\t\t\t\t\t<div class=\"elementor-container elementor-column-gap-default\">\n\t\t\t\t\t<div class=\"elementor-column elementor-col-100 elementor-top-column elementor-element elementor-element-0cdd66e\" data-id=\"0cdd66e\" data-element_type=\"column\">\n\t\t\t<div class=\"elementor-widget-wrap elementor-element-populated\">\n\t\t\t\t\t\t<div class=\"elementor-element elementor-element-7cee7ed elementor-widget elementor-widget-yprm_google_map\" data-id=\"7cee7ed\" data-element_type=\"widget\" data-settings=\"{&quot;ekit_we_effect_on&quot;:&quot;none&quot;}\" data-widget_type=\"yprm_google_map.default\">\n\t\t\t\t<div class=\"elementor-widget-container\">\n\t\t\t\t\t\t\t<section class=\"map\">\n\t\t\t<div id=\"google-map-7cee7ed\" class=\"google-map\" data-google-map-style=\"[{&quot;featureType&quot;:&quot;all&quot;,&quot;elementType&quot;:&quot;labels.text.fill&quot;,&quot;stylers&quot;:[{&quot;saturation&quot;:36},{&quot;color&quot;:&quot;#000000&quot;},{&quot;lightness&quot;:40}]},{&quot;featureType&quot;:&quot;all&quot;,&quot;elementType&quot;:&quot;labels.text.stroke&quot;,&quot;stylers&quot;:[{&quot;visibility&quot;:&quot;on&quot;},{&quot;color&quot;:&quot;#000000&quot;},{&quot;lightness&quot;:16}]},{&quot;featureType&quot;:&quot;all&quot;,&quot;elementType&quot;:&quot;labels.icon&quot;,&quot;stylers&quot;:[{&quot;visibility&quot;:&quot;off&quot;}]},{&quot;featureType&quot;:&quot;administrative&quot;,&quot;elementType&quot;:&quot;geometry.fill&quot;,&quot;stylers&quot;:[{&quot;color&quot;:&quot;#000000&quot;},{&quot;lightness&quot;:20}]},{&quot;featureType&quot;:&quot;administrative&quot;,&quot;elementType&quot;:&quot;geometry.stroke&quot;,&quot;stylers&quot;:[{&quot;color&quot;:&quot;#000000&quot;},{&quot;lightness&quot;:17},{&quot;weight&quot;:1.2}]},{&quot;featureType&quot;:&quot;landscape&quot;,&quot;elementType&quot;:&quot;geometry&quot;,&quot;stylers&quot;:[{&quot;color&quot;:&quot;#000000&quot;},{&quot;lightness&quot;:20}]},{&quot;featureType&quot;:&quot;poi&quot;,&quot;elementType&quot;:&quot;geometry&quot;,&quot;stylers&quot;:[{&quot;color&quot;:&quot;#000000&quot;},{&quot;lightness&quot;:21}]},{&quot;featureType&quot;:&quot;road.highway&quot;,&quot;elementType&quot;:&quot;geometry.fill&quot;,&quot;stylers&quot;:[{&quot;color&quot;:&quot;#000000&quot;},{&quot;lightness&quot;:17}]},{&quot;featureType&quot;:&quot;road.highway&quot;,&quot;elementType&quot;:&quot;geometry.stroke&quot;,&quot;stylers&quot;:[{&quot;color&quot;:&quot;#000000&quot;},{&quot;lightness&quot;:29},{&quot;weight&quot;:0.2}]},{&quot;featureType&quot;:&quot;road.arterial&quot;,&quot;elementType&quot;:&quot;geometry&quot;,&quot;stylers&quot;:[{&quot;color&quot;:&quot;#000000&quot;},{&quot;lightness&quot;:18}]},{&quot;featureType&quot;:&quot;road.local&quot;,&quot;elementType&quot;:&quot;geometry&quot;,&quot;stylers&quot;:[{&quot;color&quot;:&quot;#000000&quot;},{&quot;lightness&quot;:16}]},{&quot;featureType&quot;:&quot;transit&quot;,&quot;elementType&quot;:&quot;geometry&quot;,&quot;stylers&quot;:[{&quot;color&quot;:&quot;#000000&quot;},{&quot;lightness&quot;:19}]},{&quot;featureType&quot;:&quot;water&quot;,&quot;elementType&quot;:&quot;geometry&quot;,&quot;stylers&quot;:[{&quot;color&quot;:&quot;#000000&quot;},{&quot;lightness&quot;:17}]}]\" data-google-map-type=\"roadmap\" data-google-map-lat=\"51.5237817\" data-google-map-lng=\"-0.15843700000005\" data-google-map-zoom=\"15\" data-google-locations='{\"lat\":\"51.5237817\",\"lng\":\"-0.15843700000005\"}'><\/div>\n\t\t<\/section>\n\t\t\t\t\t<\/div>\n\t\t\t\t<\/div>\n\t\t\t\t\t<\/div>\n\t\t<\/div>\n\t\t\t\t\t<\/div>\n\t\t<\/section>\n\t\t\t\t<\/div>\n\t\t","protected":false},"excerpt":{"rendered":"<p>Contacts 7 66 73 08 89 -Contact@arresproduction.com Perpignan, Pyr\u00e9n\u00e9es-orientale (66) Mes contenus s&#8217;inspirent de la lumi\u00e8re, de la couleur, des techniques de traitement noir et blanc, des contenus vintage, de la perspective cr\u00e9ative. Nous envoyer<\/p>\n","protected":false},"author":1,"featured_media":0,"parent":0,"menu_order":0,"comment_status":"closed","ping_status":"closed","template":"template-landing.php","meta":{"_acf_changed":false,"footnotes":""},"class_list":["post-2380","page","type-page","status-publish","hentry"],"acf":[],"yoast_head":"<!-- This site is optimized with the Yoast SEO plugin v27.1.1 - https:\/\/yoast.com\/product\/yoast-seo-wordpress\/ -->\n<title>Contacts - Arres Production<\/title>\n<meta name=\"robots\" content=\"index, follow, max-snippet:-1, max-image-preview:large, max-video-preview:-1\" \/>\n<link rel=\"canonical\" href=\"https:\/\/arresproduction.com\/index.php\/contacts-elementor\/\" \/>\n<meta property=\"og:locale\" content=\"fr_FR\" \/>\n<meta property=\"og:type\" content=\"article\" \/>\n<meta property=\"og:title\" content=\"Contacts - Arres Production\" \/>\n<meta property=\"og:description\" content=\"Contacts 7 66 73 08 89 -Contact@arresproduction.com Perpignan, Pyr\u00e9n\u00e9es-orientale (66) Mes contenus s&#8217;inspirent de la lumi\u00e8re, de la couleur, des techniques de traitement noir et blanc, des contenus vintage, de la perspective cr\u00e9ative. Nous envoyer\" \/>\n<meta property=\"og:url\" content=\"https:\/\/arresproduction.com\/index.php\/contacts-elementor\/\" \/>\n<meta property=\"og:site_name\" content=\"Arres Production\" \/>\n<meta property=\"article:publisher\" content=\"https:\/\/www.facebook.com\/Arresproduction\" \/>\n<meta property=\"article:modified_time\" content=\"2025-10-23T08:35:22+00:00\" \/>\n<meta name=\"twitter:card\" content=\"summary_large_image\" \/>\n<meta name=\"twitter:label1\" content=\"Dur\u00e9e de lecture estim\u00e9e\" \/>\n\t<meta name=\"twitter:data1\" content=\"1 minute\" \/>\n<script type=\"application\/ld+json\" class=\"yoast-schema-graph\">{\"@context\":\"https:\/\/schema.org\",\"@graph\":[{\"@type\":\"WebPage\",\"@id\":\"https:\/\/arresproduction.com\/index.php\/contacts-elementor\/\",\"url\":\"https:\/\/arresproduction.com\/index.php\/contacts-elementor\/\",\"name\":\"Contacts - Arres Production\",\"isPartOf\":{\"@id\":\"https:\/\/arresproduction.com\/#website\"},\"datePublished\":\"2021-06-11T07:33:12+00:00\",\"dateModified\":\"2025-10-23T08:35:22+00:00\",\"breadcrumb\":{\"@id\":\"https:\/\/arresproduction.com\/index.php\/contacts-elementor\/#breadcrumb\"},\"inLanguage\":\"fr-FR\",\"potentialAction\":[{\"@type\":\"ReadAction\",\"target\":[\"https:\/\/arresproduction.com\/index.php\/contacts-elementor\/\"]}]},{\"@type\":\"BreadcrumbList\",\"@id\":\"https:\/\/arresproduction.com\/index.php\/contacts-elementor\/#breadcrumb\",\"itemListElement\":[{\"@type\":\"ListItem\",\"position\":1,\"name\":\"Accueil\",\"item\":\"https:\/\/arresproduction.com\/\"},{\"@type\":\"ListItem\",\"position\":2,\"name\":\"Contacts\"}]},{\"@type\":\"WebSite\",\"@id\":\"https:\/\/arresproduction.com\/#website\",\"url\":\"https:\/\/arresproduction.com\/\",\"name\":\"Arres Production\",\"description\":\"La soci\u00e9t\u00e9 Arres Production \u00e0 votre service\",\"potentialAction\":[{\"@type\":\"SearchAction\",\"target\":{\"@type\":\"EntryPoint\",\"urlTemplate\":\"https:\/\/arresproduction.com\/?s={search_term_string}\"},\"query-input\":{\"@type\":\"PropertyValueSpecification\",\"valueRequired\":true,\"valueName\":\"search_term_string\"}}],\"inLanguage\":\"fr-FR\"}]}<\/script>\n<!-- \/ Yoast SEO plugin. -->","yoast_head_json":{"title":"Contacts - Arres Production","robots":{"index":"index","follow":"follow","max-snippet":"max-snippet:-1","max-image-preview":"max-image-preview:large","max-video-preview":"max-video-preview:-1"},"canonical":"https:\/\/arresproduction.com\/index.php\/contacts-elementor\/","og_locale":"fr_FR","og_type":"article","og_title":"Contacts - Arres Production","og_description":"Contacts 7 66 73 08 89 -Contact@arresproduction.com Perpignan, Pyr\u00e9n\u00e9es-orientale (66) Mes contenus s&#8217;inspirent de la lumi\u00e8re, de la couleur, des techniques de traitement noir et blanc, des contenus vintage, de la perspective cr\u00e9ative. Nous envoyer","og_url":"https:\/\/arresproduction.com\/index.php\/contacts-elementor\/","og_site_name":"Arres Production","article_publisher":"https:\/\/www.facebook.com\/Arresproduction","article_modified_time":"2025-10-23T08:35:22+00:00","twitter_card":"summary_large_image","twitter_misc":{"Dur\u00e9e de lecture estim\u00e9e":"1 minute"},"schema":{"@context":"https:\/\/schema.org","@graph":[{"@type":"WebPage","@id":"https:\/\/arresproduction.com\/index.php\/contacts-elementor\/","url":"https:\/\/arresproduction.com\/index.php\/contacts-elementor\/","name":"Contacts - Arres Production","isPartOf":{"@id":"https:\/\/arresproduction.com\/#website"},"datePublished":"2021-06-11T07:33:12+00:00","dateModified":"2025-10-23T08:35:22+00:00","breadcrumb":{"@id":"https:\/\/arresproduction.com\/index.php\/contacts-elementor\/#breadcrumb"},"inLanguage":"fr-FR","potentialAction":[{"@type":"ReadAction","target":["https:\/\/arresproduction.com\/index.php\/contacts-elementor\/"]}]},{"@type":"BreadcrumbList","@id":"https:\/\/arresproduction.com\/index.php\/contacts-elementor\/#breadcrumb","itemListElement":[{"@type":"ListItem","position":1,"name":"Accueil","item":"https:\/\/arresproduction.com\/"},{"@type":"ListItem","position":2,"name":"Contacts"}]},{"@type":"WebSite","@id":"https:\/\/arresproduction.com\/#website","url":"https:\/\/arresproduction.com\/","name":"Arres Production","description":"La soci\u00e9t\u00e9 Arres Production \u00e0 votre service","potentialAction":[{"@type":"SearchAction","target":{"@type":"EntryPoint","urlTemplate":"https:\/\/arresproduction.com\/?s={search_term_string}"},"query-input":{"@type":"PropertyValueSpecification","valueRequired":true,"valueName":"search_term_string"}}],"inLanguage":"fr-FR"}]}},"_links":{"self":[{"href":"https:\/\/arresproduction.com\/index.php\/wp-json\/wp\/v2\/pages\/2380","targetHints":{"allow":["GET"]}}],"collection":[{"href":"https:\/\/arresproduction.com\/index.php\/wp-json\/wp\/v2\/pages"}],"about":[{"href":"https:\/\/arresproduction.com\/index.php\/wp-json\/wp\/v2\/types\/page"}],"author":[{"embeddable":true,"href":"https:\/\/arresproduction.com\/index.php\/wp-json\/wp\/v2\/users\/1"}],"replies":[{"embeddable":true,"href":"https:\/\/arresproduction.com\/index.php\/wp-json\/wp\/v2\/comments?post=2380"}],"version-history":[{"count":12,"href":"https:\/\/arresproduction.com\/index.php\/wp-json\/wp\/v2\/pages\/2380\/revisions"}],"predecessor-version":[{"id":4496,"href":"https:\/\/arresproduction.com\/index.php\/wp-json\/wp\/v2\/pages\/2380\/revisions\/4496"}],"wp:attachment":[{"href":"https:\/\/arresproduction.com\/index.php\/wp-json\/wp\/v2\/media?parent=2380"}],"curies":[{"name":"wp","href":"https:\/\/api.w.org\/{rel}","templated":true}]}}