{"id":2027,"date":"2024-01-21T21:00:00","date_gmt":"2024-01-21T20:00:00","guid":{"rendered":"https:\/\/arresproduction.com\/index.php\/shop\/"},"modified":"2024-01-21T22:07:47","modified_gmt":"2024-01-21T21:07:47","slug":"la-boutique","status":"publish","type":"page","link":"https:\/\/arresproduction.com\/index.php\/la-boutique\/","title":{"rendered":"La Boutique"},"content":{"rendered":"\t\t<div data-elementor-type=\"wp-page\" data-elementor-id=\"2027\" class=\"elementor elementor-2027\" data-elementor-post-type=\"page\">\n\t\t\t\t\t\t<section class=\"elementor-section elementor-top-section elementor-element elementor-element-3e5cbd9 elementor-section-boxed elementor-section-height-default elementor-section-height-default\" data-id=\"3e5cbd9\" data-element_type=\"section\" data-settings=\"{&quot;ekit_has_onepagescroll_dot&quot;:&quot;yes&quot;}\">\n\t\t\t\t\t\t<div class=\"elementor-container elementor-column-gap-default\">\n\t\t\t\t\t<div class=\"elementor-column elementor-col-100 elementor-top-column elementor-element elementor-element-101fde7\" data-id=\"101fde7\" data-element_type=\"column\">\n\t\t\t<div class=\"elementor-widget-wrap elementor-element-populated\">\n\t\t\t\t\t\t<div class=\"elementor-element elementor-element-6306359 elementor-widget elementor-widget-yprm_heading\" data-id=\"6306359\" data-element_type=\"widget\" data-settings=\"{&quot;ekit_we_effect_on&quot;:&quot;none&quot;}\" data-widget_type=\"yprm_heading.default\">\n\t\t\t\t<div class=\"elementor-widget-container\">\n\t\t\t\t\t\t\t\t<div class=\"heading-block\">\n\t\t\t\t                  <h5 class=\"h\">La Boutique<\/h5>\n        \t\t\t<\/div>\n      \t\t\t\t\t\t<\/div>\n\t\t\t\t<\/div>\n\t\t\t\t<div class=\"elementor-element elementor-element-2170b52 elementor-widget elementor-widget-yprm_products\" data-id=\"2170b52\" data-element_type=\"widget\" data-settings=\"{&quot;type&quot;:&quot;grid&quot;,&quot;cols&quot;:&quot;3&quot;,&quot;ekit_we_effect_on&quot;:&quot;none&quot;}\" data-widget_type=\"yprm_products.default\">\n\t\t\t\t<div class=\"elementor-widget-container\">\n\t\t\t\t\t\n\t\t<div class=\"product-block product-elementor-block\">\n\t\t\t<div class=\"woocommerce\">\n\t\t\t\t\t\t<div class=\"filter-button-group style1 tal\">\n\t\t\t<div class=\"wrap\">\n\t\t\t\t<button class=\"active\" data-filter=\"*\">\n\t\t\t\t\t<span>Tous<\/span>\n\t\t\t\t<\/button>\n\t\t\t\t\t\t\t\t\t<button data-filter=\".product_cat-photographie\">\n\t\t\t\t\t\t<span>Photographie<\/span>\n\t\t\t\t\t<\/button>\n\t\t\t\t\t\t\t\t\t<button data-filter=\".product_cat-lut\">\n\t\t\t\t\t\t<span>LUT<\/span>\n\t\t\t\t\t<\/button>\n\t\t\t\t\t\t\t<\/div>\n\t\t<\/div>\n\t\t\t\t\t\t<ul class=\"products load-wrap row\">\n\t\t\t\t\t<li class=\"col-12 col-sm-6 col-md-4 product type-product post-3831 status-publish first instock product_cat-lut has-post-thumbnail downloadable virtual purchasable product-type-simple\">\n  <div class=\"product-wrap\">\n    <div class=\"image\"><a href=\"https:\/\/arresproduction.com\/index.php\/produit\/luts-gratuit\/\" class=\"img\" style=\"background-image: url(https:\/\/arresproduction.com\/wp-content\/uploads\/2022\/10\/LUT-Gratuit-1000.png);\" data-popup-json=\"{&quot;image&quot;:{&quot;url&quot;:&quot;https:\\\/\\\/arresproduction.com\\\/wp-content\\\/uploads\\\/2022\\\/10\\\/LUT-Gratuit-1000.png&quot;,&quot;w&quot;:1000,&quot;h&quot;:1000},&quot;title&quot;:&quot;LUTS GRATUIT&quot;,&quot;desc&quot;:&quot;Arres Production vous propose des LUTS Gratuit&quot;,&quot;post_id&quot;:3831,&quot;projectLink&quot;:&quot;https:\\\/\\\/arresproduction.com\\\/index.php\\\/produit\\\/luts-gratuit\\\/&quot;}\" data-id=\"0\"><\/a><div class=\"buttons\"><a data-pid=\"3831\" class=\"shopengine_add_to_list_action shopengine-wishlist badge se-btn inactive\" href=\"#\" ><i class=\"shopengine-icon-add_to_favourite_1\"><\/i><\/a><a title='Aper\u00e7u rapide' class='shopengine-quickview-trigger se-btn'\n\t\t\t\t\tdata-source-url='https:\/\/arresproduction.com\/index.php\/produit\/luts-gratuit\/'\n\t\t\t\t\thref='https:\/\/arresproduction.com\/index.php\/produit\/luts-gratuit\/'>\n\t\t\t\t\t<i class=\"shopengine-icon-quick_view_1\"><\/i>\n\t\t\t\t<\/a><a rel=\"nofollow\" href=\"\/index.php\/wp-json\/wp\/v2\/pages\/2027?add-to-cart=3831\" data-quantity=\"1\" data-product_id=\"3831\" data-product_sku=\"\" class=\"add_to_cart_button product_type_simple ajax_add_to_cart\" data-magic-cursor=\"link\"><i class=\"base-icon-minicart\"><\/i><span>Add to cart<\/span><\/a><a data-payload='{\"pid\":3831}' class=\"shopengine_comparison_add_to_list_action shopengine-comparison badge se-btn inactive\"> <i class=\"shopengine-icon-product_compare_1\"><\/i> <\/a><\/div><\/div><div class=\"bottom\"><h6 class=\"h\"><a href=\"https:\/\/arresproduction.com\/index.php\/produit\/luts-gratuit\/\">LUTS GRATUIT<\/a><\/h6><div class=\"categories\"><a href=\"https:\/\/arresproduction.com\/index.php\/categorie-produit\/lut\/\" rel=\"tag\">LUT<\/a><\/div><div class=\"price simple\"><span class=\"woocommerce-Price-amount amount\">0,00&nbsp;<span class=\"woocommerce-Price-currencySymbol\">&euro;<\/span><\/span><\/div><\/div>  <\/div>\n<\/li><li class=\"col-12 col-sm-6 col-md-4 product type-product post-3830 status-publish instock product_cat-lut product_tag-lut has-post-thumbnail downloadable virtual purchasable product-type-simple\">\n  <div class=\"product-wrap\">\n    <div class=\"image\"><a href=\"https:\/\/arresproduction.com\/index.php\/produit\/lut\/\" class=\"img\" style=\"background-image: url(https:\/\/arresproduction.com\/wp-content\/uploads\/2022\/10\/Cinematic-LUT-1000.png);\" data-popup-json=\"{&quot;image&quot;:{&quot;url&quot;:&quot;https:\\\/\\\/arresproduction.com\\\/wp-content\\\/uploads\\\/2022\\\/10\\\/Cinematic-LUT-1000.png&quot;,&quot;w&quot;:1000,&quot;h&quot;:1000},&quot;title&quot;:&quot;CINEMATIC LUTS&quot;,&quot;desc&quot;:&quot;Arres Production vous propose les meilleures LUT disponibles sur le march\\u00e9.&quot;,&quot;post_id&quot;:3830,&quot;projectLink&quot;:&quot;https:\\\/\\\/arresproduction.com\\\/index.php\\\/produit\\\/lut\\\/&quot;}\" data-id=\"0\"><\/a><div class=\"buttons\"><a data-pid=\"3830\" class=\"shopengine_add_to_list_action shopengine-wishlist badge se-btn inactive\" href=\"#\" ><i class=\"shopengine-icon-add_to_favourite_1\"><\/i><\/a><a title='Aper\u00e7u rapide' class='shopengine-quickview-trigger se-btn'\n\t\t\t\t\tdata-source-url='https:\/\/arresproduction.com\/index.php\/produit\/lut\/'\n\t\t\t\t\thref='https:\/\/arresproduction.com\/index.php\/produit\/lut\/'>\n\t\t\t\t\t<i class=\"shopengine-icon-quick_view_1\"><\/i>\n\t\t\t\t<\/a><a rel=\"nofollow\" href=\"\/index.php\/wp-json\/wp\/v2\/pages\/2027?add-to-cart=3830\" data-quantity=\"1\" data-product_id=\"3830\" data-product_sku=\"\" class=\"add_to_cart_button product_type_simple ajax_add_to_cart\" data-magic-cursor=\"link\"><i class=\"base-icon-minicart\"><\/i><span>Add to cart<\/span><\/a><a data-payload='{\"pid\":3830}' class=\"shopengine_comparison_add_to_list_action shopengine-comparison badge se-btn inactive\"> <i class=\"shopengine-icon-product_compare_1\"><\/i> <\/a><\/div><\/div><div class=\"bottom\"><h6 class=\"h\"><a href=\"https:\/\/arresproduction.com\/index.php\/produit\/lut\/\">CINEMATIC LUTS<\/a><\/h6><div class=\"categories\"><a href=\"https:\/\/arresproduction.com\/index.php\/categorie-produit\/lut\/\" rel=\"tag\">LUT<\/a><\/div><div class=\"price simple\"><span class=\"woocommerce-Price-amount amount\">9,99&nbsp;<span class=\"woocommerce-Price-currencySymbol\">&euro;<\/span><\/span><\/div><\/div>  <\/div>\n<\/li>\t\t\t\t<\/ul>\n\t\t\t<\/div>\n\t\t\t\t\t<\/div>\n\n\t\t\t\t\t\t<\/div>\n\t\t\t\t<\/div>\n\t\t\t\t\t<\/div>\n\t\t<\/div>\n\t\t\t\t\t<\/div>\n\t\t<\/section>\n\t\t\t\t<\/div>\n\t\t","protected":false},"excerpt":{"rendered":"<p>La Boutique Tous LUT Add to cart LUTS GRATUIT LUT0,00&nbsp;&euro; Add to cart CINEMATIC LUTS LUT9,99&nbsp;&euro;<\/p>\n","protected":false},"author":1,"featured_media":0,"parent":0,"menu_order":0,"comment_status":"closed","ping_status":"closed","template":"template-landing.php","meta":{"_acf_changed":false,"footnotes":""},"class_list":["post-2027","page","type-page","status-publish","hentry"],"acf":[],"yoast_head":"<!-- This site is optimized with the Yoast SEO plugin v27.1.1 - https:\/\/yoast.com\/product\/yoast-seo-wordpress\/ -->\n<title>La Boutique - Arres Production<\/title>\n<meta name=\"robots\" content=\"index, follow, max-snippet:-1, max-image-preview:large, max-video-preview:-1\" \/>\n<link rel=\"canonical\" href=\"https:\/\/arresproduction.com\/index.php\/la-boutique\/\" \/>\n<meta property=\"og:locale\" content=\"fr_FR\" \/>\n<meta property=\"og:type\" content=\"article\" \/>\n<meta property=\"og:title\" content=\"La Boutique - Arres Production\" \/>\n<meta property=\"og:description\" content=\"La Boutique Tous LUT Add to cart LUTS GRATUIT LUT0,00&nbsp;&euro; Add to cart CINEMATIC LUTS LUT9,99&nbsp;&euro;\" \/>\n<meta property=\"og:url\" content=\"https:\/\/arresproduction.com\/index.php\/la-boutique\/\" \/>\n<meta property=\"og:site_name\" content=\"Arres Production\" \/>\n<meta property=\"article:publisher\" content=\"https:\/\/www.facebook.com\/Arresproduction\" \/>\n<meta property=\"article:modified_time\" content=\"2024-01-21T21:07:47+00:00\" \/>\n<meta name=\"twitter:card\" content=\"summary_large_image\" \/>\n<meta name=\"twitter:label1\" content=\"Dur\u00e9e de lecture estim\u00e9e\" \/>\n\t<meta name=\"twitter:data1\" content=\"1 minute\" \/>\n<script type=\"application\/ld+json\" class=\"yoast-schema-graph\">{\"@context\":\"https:\/\/schema.org\",\"@graph\":[{\"@type\":\"WebPage\",\"@id\":\"https:\/\/arresproduction.com\/index.php\/la-boutique\/\",\"url\":\"https:\/\/arresproduction.com\/index.php\/la-boutique\/\",\"name\":\"La Boutique - Arres Production\",\"isPartOf\":{\"@id\":\"https:\/\/arresproduction.com\/#website\"},\"datePublished\":\"2024-01-21T20:00:00+00:00\",\"dateModified\":\"2024-01-21T21:07:47+00:00\",\"breadcrumb\":{\"@id\":\"https:\/\/arresproduction.com\/index.php\/la-boutique\/#breadcrumb\"},\"inLanguage\":\"fr-FR\",\"potentialAction\":[{\"@type\":\"ReadAction\",\"target\":[\"https:\/\/arresproduction.com\/index.php\/la-boutique\/\"]}]},{\"@type\":\"BreadcrumbList\",\"@id\":\"https:\/\/arresproduction.com\/index.php\/la-boutique\/#breadcrumb\",\"itemListElement\":[{\"@type\":\"ListItem\",\"position\":1,\"name\":\"Accueil\",\"item\":\"https:\/\/arresproduction.com\/\"},{\"@type\":\"ListItem\",\"position\":2,\"name\":\"La Boutique\"}]},{\"@type\":\"WebSite\",\"@id\":\"https:\/\/arresproduction.com\/#website\",\"url\":\"https:\/\/arresproduction.com\/\",\"name\":\"Arres Production\",\"description\":\"La soci\u00e9t\u00e9 Arres Production \u00e0 votre service\",\"potentialAction\":[{\"@type\":\"SearchAction\",\"target\":{\"@type\":\"EntryPoint\",\"urlTemplate\":\"https:\/\/arresproduction.com\/?s={search_term_string}\"},\"query-input\":{\"@type\":\"PropertyValueSpecification\",\"valueRequired\":true,\"valueName\":\"search_term_string\"}}],\"inLanguage\":\"fr-FR\"}]}<\/script>\n<!-- \/ Yoast SEO plugin. -->","yoast_head_json":{"title":"La Boutique - Arres Production","robots":{"index":"index","follow":"follow","max-snippet":"max-snippet:-1","max-image-preview":"max-image-preview:large","max-video-preview":"max-video-preview:-1"},"canonical":"https:\/\/arresproduction.com\/index.php\/la-boutique\/","og_locale":"fr_FR","og_type":"article","og_title":"La Boutique - Arres Production","og_description":"La Boutique Tous LUT Add to cart LUTS GRATUIT LUT0,00&nbsp;&euro; Add to cart CINEMATIC LUTS LUT9,99&nbsp;&euro;","og_url":"https:\/\/arresproduction.com\/index.php\/la-boutique\/","og_site_name":"Arres Production","article_publisher":"https:\/\/www.facebook.com\/Arresproduction","article_modified_time":"2024-01-21T21:07:47+00:00","twitter_card":"summary_large_image","twitter_misc":{"Dur\u00e9e de lecture estim\u00e9e":"1 minute"},"schema":{"@context":"https:\/\/schema.org","@graph":[{"@type":"WebPage","@id":"https:\/\/arresproduction.com\/index.php\/la-boutique\/","url":"https:\/\/arresproduction.com\/index.php\/la-boutique\/","name":"La Boutique - Arres Production","isPartOf":{"@id":"https:\/\/arresproduction.com\/#website"},"datePublished":"2024-01-21T20:00:00+00:00","dateModified":"2024-01-21T21:07:47+00:00","breadcrumb":{"@id":"https:\/\/arresproduction.com\/index.php\/la-boutique\/#breadcrumb"},"inLanguage":"fr-FR","potentialAction":[{"@type":"ReadAction","target":["https:\/\/arresproduction.com\/index.php\/la-boutique\/"]}]},{"@type":"BreadcrumbList","@id":"https:\/\/arresproduction.com\/index.php\/la-boutique\/#breadcrumb","itemListElement":[{"@type":"ListItem","position":1,"name":"Accueil","item":"https:\/\/arresproduction.com\/"},{"@type":"ListItem","position":2,"name":"La Boutique"}]},{"@type":"WebSite","@id":"https:\/\/arresproduction.com\/#website","url":"https:\/\/arresproduction.com\/","name":"Arres Production","description":"La soci\u00e9t\u00e9 Arres Production \u00e0 votre service","potentialAction":[{"@type":"SearchAction","target":{"@type":"EntryPoint","urlTemplate":"https:\/\/arresproduction.com\/?s={search_term_string}"},"query-input":{"@type":"PropertyValueSpecification","valueRequired":true,"valueName":"search_term_string"}}],"inLanguage":"fr-FR"}]}},"_links":{"self":[{"href":"https:\/\/arresproduction.com\/index.php\/wp-json\/wp\/v2\/pages\/2027","targetHints":{"allow":["GET"]}}],"collection":[{"href":"https:\/\/arresproduction.com\/index.php\/wp-json\/wp\/v2\/pages"}],"about":[{"href":"https:\/\/arresproduction.com\/index.php\/wp-json\/wp\/v2\/types\/page"}],"author":[{"embeddable":true,"href":"https:\/\/arresproduction.com\/index.php\/wp-json\/wp\/v2\/users\/1"}],"replies":[{"embeddable":true,"href":"https:\/\/arresproduction.com\/index.php\/wp-json\/wp\/v2\/comments?post=2027"}],"version-history":[{"count":16,"href":"https:\/\/arresproduction.com\/index.php\/wp-json\/wp\/v2\/pages\/2027\/revisions"}],"predecessor-version":[{"id":4192,"href":"https:\/\/arresproduction.com\/index.php\/wp-json\/wp\/v2\/pages\/2027\/revisions\/4192"}],"wp:attachment":[{"href":"https:\/\/arresproduction.com\/index.php\/wp-json\/wp\/v2\/media?parent=2027"}],"curies":[{"name":"wp","href":"https:\/\/api.w.org\/{rel}","templated":true}]}}